{"id":159,"date":"2025-11-02T13:21:29","date_gmt":"2025-11-02T13:21:29","guid":{"rendered":"https:\/\/www.portfolio-bts-com.fr\/Chloe-s\/?page_id=159"},"modified":"2026-03-17T14:53:08","modified_gmt":"2026-03-17T14:53:08","slug":"accueil","status":"publish","type":"page","link":"https:\/\/www.portfolio-bts-com.fr\/Chloe-s\/","title":{"rendered":"Accueil"},"content":{"rendered":"\t\t<div data-elementor-type=\"wp-page\" data-elementor-id=\"159\" class=\"elementor elementor-159\">\n\t\t\t\t<div class=\"elementor-element elementor-element-6e596b8 e-flex e-con-boxed wpr-particle-no wpr-jarallax-no wpr-parallax-no wpr-sticky-section-no e-con e-parent\" data-id=\"6e596b8\" data-element_type=\"container\">\n\t\t\t\t\t<div class=\"e-con-inner\">\n\t\t\t\t<div class=\"elementor-element elementor-element-1228923 elementor-widget__width-inherit elementor-widget elementor-widget-image\" data-id=\"1228923\" data-element_type=\"widget\" data-widget_type=\"image.default\">\n\t\t\t\t<div class=\"elementor-widget-container\">\n\t\t\t\t\t\t\t\t\t\t\t\t\t\t\t<img fetchpriority=\"high\" decoding=\"async\" width=\"1920\" height=\"1080\" src=\"https:\/\/www.portfolio-bts-com.fr\/Chloe-s\/wp-content\/uploads\/2025\/11\/citron.png\" class=\"attachment-full size-full wp-image-294\" alt=\"\" srcset=\"https:\/\/www.portfolio-bts-com.fr\/Chloe-s\/wp-content\/uploads\/2025\/11\/citron.png 1920w, https:\/\/www.portfolio-bts-com.fr\/Chloe-s\/wp-content\/uploads\/2025\/11\/citron-300x169.png 300w, https:\/\/www.portfolio-bts-com.fr\/Chloe-s\/wp-content\/uploads\/2025\/11\/citron-1024x576.png 1024w, https:\/\/www.portfolio-bts-com.fr\/Chloe-s\/wp-content\/uploads\/2025\/11\/citron-768x432.png 768w, https:\/\/www.portfolio-bts-com.fr\/Chloe-s\/wp-content\/uploads\/2025\/11\/citron-1536x864.png 1536w\" sizes=\"(max-width: 1920px) 100vw, 1920px\" \/>\t\t\t\t\t\t\t\t\t\t\t\t\t\t\t<\/div>\n\t\t\t\t<\/div>\n\t\t\t\t\t<\/div>\n\t\t\t\t<\/div>\n\t\t<div class=\"elementor-element elementor-element-867ac21 e-flex e-con-boxed wpr-particle-no wpr-jarallax-no wpr-parallax-no wpr-sticky-section-no e-con e-parent\" data-id=\"867ac21\" data-element_type=\"container\" data-settings=\"{&quot;background_background&quot;:&quot;classic&quot;}\">\n\t\t\t\t\t<div class=\"e-con-inner\">\n\t\t\t\t<div class=\"elementor-element elementor-element-4d7a7d0 elementor-widget elementor-widget-html\" data-id=\"4d7a7d0\" data-element_type=\"widget\" data-widget_type=\"html.default\">\n\t\t\t\t<div class=\"elementor-widget-container\">\n\t\t\t\t\t<!DOCTYPE html>\n<html lang=\"fr\">\n<head>\n<meta charset=\"UTF-8\">\n<meta name=\"viewport\" content=\"width=device-width, initial-scale=1.0\">\n<style>\n  body {\n    height: 3000px; \/* pour avoir du scroll *\/\n    margin: 0;\n    background: #ffffff; \/* fond blanc *\/\n  }\n\n  .lemon-wrapper {\n    position: relative;\n    width: 100%;\n    height: 160px; \/* un peu plus haut pour s'adapter aux citrons plus grands *\/\n    overflow: hidden;\n  }\n\n  .rolling-lemon {\n    position: absolute;\n    top: 50%;\n    width: 140px;   \/* largeur agrandie *\/\n    height: auto;   \/* garde les proportions *\/\n    transform: translateY(-50%) rotate(0deg);\n  }\n<\/style>\n<\/head>\n<body>\n\n<div class=\"lemon-wrapper\">\n  <img decoding=\"async\" class=\"rolling-lemon\" src=\"https:\/\/www.portfolio-bts-com.fr\/Chloe-s\/wp-content\/uploads\/2025\/11\/citron-petit-2-e1762724839395.png\" alt=\"Citron\">\n  <img decoding=\"async\" class=\"rolling-lemon\" src=\"https:\/\/www.portfolio-bts-com.fr\/Chloe-s\/wp-content\/uploads\/2025\/11\/citron-petit-2-e1762724839395.png\" alt=\"Citron\">\n  <img decoding=\"async\" class=\"rolling-lemon\" src=\"https:\/\/www.portfolio-bts-com.fr\/Chloe-s\/wp-content\/uploads\/2025\/11\/citron-petit-2-e1762724839395.png\" alt=\"Citron\">\n  <img decoding=\"async\" class=\"rolling-lemon\" src=\"https:\/\/www.portfolio-bts-com.fr\/Chloe-s\/wp-content\/uploads\/2025\/11\/citron-petit-2-e1762724839395.png\" alt=\"Citron\">\n<\/div>\n\n<script>\n(function() {\n  const lemons = document.querySelectorAll('.rolling-lemon');\n  const wrapper = document.querySelector('.lemon-wrapper');\n  if (!lemons.length || !wrapper) return;\n\n  function update() {\n    const scroll = window.scrollY;\n    const docHeight = document.documentElement.scrollHeight - window.innerHeight;\n    const progress = Math.min(Math.max(scroll \/ docHeight, 0), 1);\n\n    const totalTravel = wrapper.clientWidth - lemons[0].offsetWidth; \/\/ distance maximale\n    const margin = 10; \/\/ marge entre les citrons\n\n    lemons.forEach((lemon, index) => {\n      const initialLeft = index * (lemon.offsetWidth + margin); \/\/ position initiale c\u00f4te \u00e0 c\u00f4te\n      const x = initialLeft + progress * (totalTravel - lemons.length * lemon.offsetWidth - margin);\n      const radius = lemon.offsetWidth \/ 2;\n      const rotation = (x \/ (2 * Math.PI * radius)) * 360;\n      lemon.style.transform = `translateY(-50%) translateX(${x}px) rotate(${rotation}deg)`;\n    });\n  }\n\n  window.addEventListener('scroll', () => requestAnimationFrame(update), { passive: true });\n  window.addEventListener('resize', () => requestAnimationFrame(update));\n\n  update();\n})();\n<\/script>\n\n<\/body>\n<\/html>\n\t\t\t\t<\/div>\n\t\t\t\t<\/div>\n\t\t\t\t<div class=\"elementor-element elementor-element-a247823 elementor-widget elementor-widget-menu-anchor\" data-id=\"a247823\" data-element_type=\"widget\" data-widget_type=\"menu-anchor.default\">\n\t\t\t\t<div class=\"elementor-widget-container\">\n\t\t\t\t\t\t\t<div class=\"elementor-menu-anchor\" id=\"Moi\"><\/div>\n\t\t\t\t\t\t<\/div>\n\t\t\t\t<\/div>\n\t\t\t\t\t<\/div>\n\t\t\t\t<\/div>\n\t\t<div class=\"elementor-element elementor-element-f460b3e e-flex e-con-boxed wpr-particle-no wpr-jarallax-no wpr-parallax-no wpr-sticky-section-no e-con e-parent\" data-id=\"f460b3e\" data-element_type=\"container\">\n\t\t\t\t\t<div class=\"e-con-inner\">\n\t\t<div class=\"elementor-element elementor-element-e13d092 e-con-full e-flex wpr-particle-no wpr-jarallax-no wpr-parallax-no wpr-sticky-section-no e-con e-child\" data-id=\"e13d092\" data-element_type=\"container\">\n\t\t\t\t<div class=\"elementor-element elementor-element-72ead14 elementor-widget elementor-widget-spacer\" data-id=\"72ead14\" data-element_type=\"widget\" data-widget_type=\"spacer.default\">\n\t\t\t\t<div class=\"elementor-widget-container\">\n\t\t\t\t\t\t\t<div class=\"elementor-spacer\">\n\t\t\t<div class=\"elementor-spacer-inner\"><\/div>\n\t\t<\/div>\n\t\t\t\t\t\t<\/div>\n\t\t\t\t<\/div>\n\t\t\t\t<div class=\"elementor-element elementor-element-f885402 elementor-widget elementor-widget-heading\" data-id=\"f885402\" data-element_type=\"widget\" data-widget_type=\"heading.default\">\n\t\t\t\t<div class=\"elementor-widget-container\">\n\t\t\t\t\t<h2 class=\"elementor-heading-title elementor-size-default\">Pr\u00e9sentation<\/h2>\t\t\t\t<\/div>\n\t\t\t\t<\/div>\n\t\t\t\t<div class=\"elementor-element elementor-element-101ebf6 elementor-widget elementor-widget-text-editor\" data-id=\"101ebf6\" data-element_type=\"widget\" data-widget_type=\"text-editor.default\">\n\t\t\t\t<div class=\"elementor-widget-container\">\n\t\t\t\t\t\t\t\t\t<p data-start=\"105\" data-end=\"537\">\u00a0 \u00a0 \u00a0 \u00a0 \u00a0 Je m&rsquo;appelle Chlo\u00e9 Sardier j&rsquo;ai 19 ans et j&rsquo;ai effectu\u00e9 mon bac g\u00e9n\u00e9ral au lyc\u00e9e Val\u00e9ry Giscard d&rsquo;Estaing \u00e0 Chamali\u00e8res. J&rsquo;avais choisi les sp\u00e9cialit\u00e9s HLP : Humanit\u00e9s, Litt\u00e9rature et Philosophie, et AMC Anglais Monde Contemporain. Ces mati\u00e8res m&rsquo;ont permis de d\u00e9velopper \u00e0 la fois mon sens critique et mon aisance \u00e0 l&rsquo;oral, ce qui m&rsquo;a naturellement pouss\u00e9e vers le domaine de la communication.<\/p>\t\t\t\t\t\t\t\t<\/div>\n\t\t\t\t<\/div>\n\t\t\t\t<div class=\"elementor-element elementor-element-fb66b00 elementor-widget elementor-widget-spacer\" data-id=\"fb66b00\" data-element_type=\"widget\" data-widget_type=\"spacer.default\">\n\t\t\t\t<div class=\"elementor-widget-container\">\n\t\t\t\t\t\t\t<div class=\"elementor-spacer\">\n\t\t\t<div class=\"elementor-spacer-inner\"><\/div>\n\t\t<\/div>\n\t\t\t\t\t\t<\/div>\n\t\t\t\t<\/div>\n\t\t\t\t<div class=\"elementor-element elementor-element-e43fa3a elementor-widget elementor-widget-text-editor\" data-id=\"e43fa3a\" data-element_type=\"widget\" data-widget_type=\"text-editor.default\">\n\t\t\t\t<div class=\"elementor-widget-container\">\n\t\t\t\t\t\t\t\t\t<p data-start=\"539\" data-end=\"829\">\u00a0 \u00a0 \u00a0 \u00a0 \u00a0 En mai 2025, j&rsquo;ai eu l&rsquo;opportunit\u00e9 de r\u00e9aliser un stage chez Marc Production, une agence de communication bas\u00e9e \u00e0 Clermont-Ferrand, pendant deux mois. L&rsquo;exp\u00e9rience a \u00e9t\u00e9 tellement enrichissante que j&rsquo;ai d\u00e9cid\u00e9 de continuer l&rsquo;aventure avec eux en alternance depuis le 15 septembre.<\/p>\t\t\t\t\t\t\t\t<\/div>\n\t\t\t\t<\/div>\n\t\t\t\t<div class=\"elementor-element elementor-element-b0e40d3 elementor-widget elementor-widget-spacer\" data-id=\"b0e40d3\" data-element_type=\"widget\" data-widget_type=\"spacer.default\">\n\t\t\t\t<div class=\"elementor-widget-container\">\n\t\t\t\t\t\t\t<div class=\"elementor-spacer\">\n\t\t\t<div class=\"elementor-spacer-inner\"><\/div>\n\t\t<\/div>\n\t\t\t\t\t\t<\/div>\n\t\t\t\t<\/div>\n\t\t<div class=\"elementor-element elementor-element-edc7760 e-grid e-con-full wpr-particle-no wpr-jarallax-no wpr-parallax-no wpr-sticky-section-no e-con e-child\" data-id=\"edc7760\" data-element_type=\"container\">\n\t\t\t\t<div class=\"elementor-element elementor-element-55fdc55 elementor-widget elementor-widget-image\" data-id=\"55fdc55\" data-element_type=\"widget\" data-widget_type=\"image.default\">\n\t\t\t\t<div class=\"elementor-widget-container\">\n\t\t\t\t\t\t\t\t\t\t\t\t\t\t\t<img decoding=\"async\" width=\"1024\" height=\"1024\" src=\"https:\/\/www.portfolio-bts-com.fr\/Chloe-s\/wp-content\/uploads\/2026\/02\/musique-1024x1024.png\" class=\"attachment-large size-large wp-image-1280\" alt=\"\" srcset=\"https:\/\/www.portfolio-bts-com.fr\/Chloe-s\/wp-content\/uploads\/2026\/02\/musique-1024x1024.png 1024w, https:\/\/www.portfolio-bts-com.fr\/Chloe-s\/wp-content\/uploads\/2026\/02\/musique-300x300.png 300w, https:\/\/www.portfolio-bts-com.fr\/Chloe-s\/wp-content\/uploads\/2026\/02\/musique-150x150.png 150w, https:\/\/www.portfolio-bts-com.fr\/Chloe-s\/wp-content\/uploads\/2026\/02\/musique-768x768.png 768w, https:\/\/www.portfolio-bts-com.fr\/Chloe-s\/wp-content\/uploads\/2026\/02\/musique-1536x1536.png 1536w, https:\/\/www.portfolio-bts-com.fr\/Chloe-s\/wp-content\/uploads\/2026\/02\/musique.png 2000w\" sizes=\"(max-width: 1024px) 100vw, 1024px\" \/>\t\t\t\t\t\t\t\t\t\t\t\t\t\t\t<\/div>\n\t\t\t\t<\/div>\n\t\t\t\t<\/div>\n\t\t\t\t<\/div>\n\t\t<div class=\"elementor-element elementor-element-10df9cf e-con-full e-flex wpr-particle-no wpr-jarallax-no wpr-parallax-no wpr-sticky-section-no e-con e-child\" data-id=\"10df9cf\" data-element_type=\"container\">\n\t\t\t\t<div class=\"elementor-element elementor-element-636b196 elementor-widget elementor-widget-image\" data-id=\"636b196\" data-element_type=\"widget\" data-widget_type=\"image.default\">\n\t\t\t\t<div class=\"elementor-widget-container\">\n\t\t\t\t\t\t\t\t\t\t\t\t\t\t\t<img decoding=\"async\" width=\"768\" height=\"1086\" src=\"https:\/\/www.portfolio-bts-com.fr\/Chloe-s\/wp-content\/uploads\/2025\/11\/cloclo-fini-768x1086.png\" class=\"attachment-medium_large size-medium_large wp-image-289\" alt=\"\" srcset=\"https:\/\/www.portfolio-bts-com.fr\/Chloe-s\/wp-content\/uploads\/2025\/11\/cloclo-fini-768x1086.png 768w, https:\/\/www.portfolio-bts-com.fr\/Chloe-s\/wp-content\/uploads\/2025\/11\/cloclo-fini-212x300.png 212w, https:\/\/www.portfolio-bts-com.fr\/Chloe-s\/wp-content\/uploads\/2025\/11\/cloclo-fini-724x1024.png 724w, https:\/\/www.portfolio-bts-com.fr\/Chloe-s\/wp-content\/uploads\/2025\/11\/cloclo-fini-1086x1536.png 1086w, https:\/\/www.portfolio-bts-com.fr\/Chloe-s\/wp-content\/uploads\/2025\/11\/cloclo-fini-1448x2048.png 1448w, https:\/\/www.portfolio-bts-com.fr\/Chloe-s\/wp-content\/uploads\/2025\/11\/cloclo-fini-scaled.png 1811w\" sizes=\"(max-width: 768px) 100vw, 768px\" \/>\t\t\t\t\t\t\t\t\t\t\t\t\t\t\t<\/div>\n\t\t\t\t<\/div>\n\t\t\t\t<\/div>\n\t\t\t\t\t<\/div>\n\t\t\t\t<\/div>\n\t\t<div class=\"elementor-element elementor-element-420560c e-flex e-con-boxed wpr-particle-no wpr-jarallax-no wpr-parallax-no wpr-sticky-section-no e-con e-parent\" data-id=\"420560c\" data-element_type=\"container\" data-settings=\"{&quot;background_background&quot;:&quot;classic&quot;}\">\n\t\t\t\t\t<div class=\"e-con-inner\">\n\t\t\t\t<div class=\"elementor-element elementor-element-5011e99 elementor-widget elementor-widget-spacer\" data-id=\"5011e99\" data-element_type=\"widget\" data-widget_type=\"spacer.default\">\n\t\t\t\t<div class=\"elementor-widget-container\">\n\t\t\t\t\t\t\t<div class=\"elementor-spacer\">\n\t\t\t<div class=\"elementor-spacer-inner\"><\/div>\n\t\t<\/div>\n\t\t\t\t\t\t<\/div>\n\t\t\t\t<\/div>\n\t\t\t\t\t<\/div>\n\t\t\t\t<\/div>\n\t\t\t\t<\/div>\n\t\t","protected":false},"excerpt":{"rendered":"<p>Pr\u00e9sentation \u00a0 \u00a0 \u00a0 \u00a0 \u00a0 Je m&rsquo;appelle Chlo\u00e9 Sardier j&rsquo;ai 19 ans et j&rsquo;ai effectu\u00e9 mon bac g\u00e9n\u00e9ral au lyc\u00e9e Val\u00e9ry Giscard d&rsquo;Estaing \u00e0 Chamali\u00e8res. J&rsquo;avais choisi les sp\u00e9cialit\u00e9s HLP : Humanit\u00e9s, Litt\u00e9rature et Philosophie, et AMC Anglais Monde Contemporain. Ces mati\u00e8res m&rsquo;ont permis de d\u00e9velopper \u00e0 la fois mon sens critique et mon aisance \u00e0 l&rsquo;oral, ce qui m&rsquo;a naturellement pouss\u00e9e vers le domaine de la communication. \u00a0 \u00a0 \u00a0 \u00a0 \u00a0 En mai 2025, j&rsquo;ai eu l&rsquo;opportunit\u00e9 de r\u00e9aliser un stage chez Marc Production, une agence de communication bas\u00e9e \u00e0 Clermont-Ferrand, pendant deux mois. L&rsquo;exp\u00e9rience a \u00e9t\u00e9 tellement enrichissante que j&rsquo;ai d\u00e9cid\u00e9 de continuer l&rsquo;aventure avec eux en alternance depuis le 15 septembre.<\/p>\n","protected":false},"author":1,"featured_media":0,"parent":0,"menu_order":0,"comment_status":"closed","ping_status":"closed","template":"elementor_canvas","meta":{"site-sidebar-layout":"no-sidebar","site-content-layout":"","ast-site-content-layout":"full-width-container","site-content-style":"default","site-sidebar-style":"default","ast-global-header-display":"","ast-banner-title-visibility":"","ast-main-header-display":"","ast-hfb-above-header-display":"","ast-hfb-below-header-display":"","ast-hfb-mobile-header-display":"","site-post-title":"disabled","ast-breadcrumbs-content":"","ast-featured-img":"disabled","footer-sml-layout":"","theme-transparent-header-meta":"","adv-header-id-meta":"","stick-header-meta":"","header-above-stick-meta":"","header-main-stick-meta":"","header-below-stick-meta":"","astra-migrate-meta-layouts":"default","ast-page-background-enabled":"default","ast-page-background-meta":{"desktop":{"background-color":"var(--ast-global-color-5)","background-image":"","background-repeat":"repeat","background-position":"center center","background-size":"auto","background-attachment":"scroll","background-type":"","background-media":"","overlay-type":"","overlay-color":"","overlay-opacity":"","overlay-gradient":""},"tablet":{"background-color":"","background-image":"","background-repeat":"repeat","background-position":"center center","background-size":"auto","background-attachment":"scroll","background-type":"","background-media":"","overlay-type":"","overlay-color":"","overlay-opacity":"","overlay-gradient":""},"mobile":{"background-color":"","background-image":"","background-repeat":"repeat","background-position":"center center","background-size":"auto","background-attachment":"scroll","background-type":"","background-media":"","overlay-type":"","overlay-color":"","overlay-opacity":"","overlay-gradient":""}},"ast-content-background-meta":{"desktop":{"background-color":"var(--ast-global-color-4)","background-image":"","background-repeat":"repeat","background-position":"center center","background-size":"auto","background-attachment":"scroll","background-type":"","background-media":"","overlay-type":"","overlay-color":"","overlay-opacity":"","overlay-gradient":""},"tablet":{"background-color":"var(--ast-global-color-4)","background-image":"","background-repeat":"repeat","background-position":"center center","background-size":"auto","background-attachment":"scroll","background-type":"","background-media":"","overlay-type":"","overlay-color":"","overlay-opacity":"","overlay-gradient":""},"mobile":{"background-color":"var(--ast-global-color-4)","background-image":"","background-repeat":"repeat","background-position":"center center","background-size":"auto","background-attachment":"scroll","background-type":"","background-media":"","overlay-type":"","overlay-color":"","overlay-opacity":"","overlay-gradient":""}},"footnotes":""},"class_list":["post-159","page","type-page","status-publish","hentry"],"_links":{"self":[{"href":"https:\/\/www.portfolio-bts-com.fr\/Chloe-s\/wp-json\/wp\/v2\/pages\/159","targetHints":{"allow":["GET"]}}],"collection":[{"href":"https:\/\/www.portfolio-bts-com.fr\/Chloe-s\/wp-json\/wp\/v2\/pages"}],"about":[{"href":"https:\/\/www.portfolio-bts-com.fr\/Chloe-s\/wp-json\/wp\/v2\/types\/page"}],"author":[{"embeddable":true,"href":"https:\/\/www.portfolio-bts-com.fr\/Chloe-s\/wp-json\/wp\/v2\/users\/1"}],"replies":[{"embeddable":true,"href":"https:\/\/www.portfolio-bts-com.fr\/Chloe-s\/wp-json\/wp\/v2\/comments?post=159"}],"version-history":[{"count":139,"href":"https:\/\/www.portfolio-bts-com.fr\/Chloe-s\/wp-json\/wp\/v2\/pages\/159\/revisions"}],"predecessor-version":[{"id":1943,"href":"https:\/\/www.portfolio-bts-com.fr\/Chloe-s\/wp-json\/wp\/v2\/pages\/159\/revisions\/1943"}],"wp:attachment":[{"href":"https:\/\/www.portfolio-bts-com.fr\/Chloe-s\/wp-json\/wp\/v2\/media?parent=159"}],"curies":[{"name":"wp","href":"https:\/\/api.w.org\/{rel}","templated":true}]}}