{"id":607,"date":"2025-12-12T14:04:29","date_gmt":"2025-12-12T14:04:29","guid":{"rendered":"https:\/\/www.portfolio-bts-com.fr\/Chloe-s\/?page_id=607"},"modified":"2026-02-26T17:06:37","modified_gmt":"2026-02-26T17:06:37","slug":"digital","status":"publish","type":"page","link":"https:\/\/www.portfolio-bts-com.fr\/Chloe-s\/digital\/","title":{"rendered":"Digital"},"content":{"rendered":"\t\t<div data-elementor-type=\"wp-page\" data-elementor-id=\"607\" class=\"elementor elementor-607\">\n\t\t\t\t<div class=\"elementor-element elementor-element-03d9f64 e-flex e-con-boxed wpr-particle-no wpr-jarallax-no wpr-parallax-no wpr-sticky-section-no e-con e-parent\" data-id=\"03d9f64\" data-element_type=\"container\" data-settings=\"{&quot;background_background&quot;:&quot;classic&quot;}\">\n\t\t\t\t\t<div class=\"e-con-inner\">\n\t\t\t\t<div class=\"elementor-element elementor-element-f6b8cf2 elementor-widget elementor-widget-heading\" data-id=\"f6b8cf2\" data-element_type=\"widget\" data-widget_type=\"heading.default\">\n\t\t\t\t<div class=\"elementor-widget-container\">\n\t\t\t\t\t<h2 class=\"elementor-heading-title elementor-size-default\">Vid\u00e9o<\/h2>\t\t\t\t<\/div>\n\t\t\t\t<\/div>\n\t\t\t\t<div class=\"elementor-element elementor-element-ee52da4 elementor-widget-divider--view-line elementor-widget elementor-widget-divider\" data-id=\"ee52da4\" data-element_type=\"widget\" data-widget_type=\"divider.default\">\n\t\t\t\t<div class=\"elementor-widget-container\">\n\t\t\t\t\t\t\t<div class=\"elementor-divider\">\n\t\t\t<span class=\"elementor-divider-separator\">\n\t\t\t\t\t\t<\/span>\n\t\t<\/div>\n\t\t\t\t\t\t<\/div>\n\t\t\t\t<\/div>\n\t\t\t\t\t<\/div>\n\t\t\t\t<\/div>\n\t\t<div class=\"elementor-element elementor-element-9a882db e-flex e-con-boxed wpr-particle-no wpr-jarallax-no wpr-parallax-no wpr-sticky-section-no e-con e-parent\" data-id=\"9a882db\" data-element_type=\"container\">\n\t\t\t\t\t<div class=\"e-con-inner\">\n\t\t<div class=\"elementor-element elementor-element-15d4e2c e-con-full e-flex wpr-particle-no wpr-jarallax-no wpr-parallax-no wpr-sticky-section-no e-con e-child\" data-id=\"15d4e2c\" data-element_type=\"container\">\n\t\t\t\t<div class=\"elementor-element elementor-element-481a219 elementor-widget__width-initial elementor-widget elementor-widget-video\" data-id=\"481a219\" data-element_type=\"widget\" data-settings=\"{&quot;video_type&quot;:&quot;hosted&quot;,&quot;autoplay&quot;:&quot;yes&quot;,&quot;loop&quot;:&quot;yes&quot;,&quot;controls&quot;:&quot;yes&quot;}\" data-widget_type=\"video.default\">\n\t\t\t\t<div class=\"elementor-widget-container\">\n\t\t\t\t\t\t\t<div class=\"e-hosted-video elementor-wrapper elementor-open-inline\">\n\t\t\t\t\t<video class=\"elementor-video\" src=\"https:\/\/www.portfolio-bts-com.fr\/Chloe-s\/wp-content\/uploads\/2025\/11\/Oh-i-did-termine-2_1.mp4\" autoplay=\"\" loop=\"\" controls=\"\" controlsList=\"nodownload\"><\/video>\n\t\t\t\t<\/div>\n\t\t\t\t\t\t<\/div>\n\t\t\t\t<\/div>\n\t\t\t\t<\/div>\n\t\t<div class=\"elementor-element elementor-element-169a7c5 e-con-full e-flex wpr-particle-no wpr-jarallax-no wpr-parallax-no wpr-sticky-section-no e-con e-child\" data-id=\"169a7c5\" data-element_type=\"container\">\n\t\t<div class=\"elementor-element elementor-element-e38af02 e-con-full e-flex wpr-particle-no wpr-jarallax-no wpr-parallax-no wpr-sticky-section-no e-con e-child\" data-id=\"e38af02\" data-element_type=\"container\">\n\t\t\t\t<div class=\"elementor-element elementor-element-b94df4c elementor-widget elementor-widget-text-editor\" data-id=\"b94df4c\" data-element_type=\"widget\" data-widget_type=\"text-editor.default\">\n\t\t\t\t<div class=\"elementor-widget-container\">\n\t\t\t\t\t\t\t\t\t<p data-start=\"0\" data-end=\"352\"><strong>Contexte<\/strong>: Cette vid\u00e9o est un projet personnel r\u00e9alis\u00e9 dans une d\u00e9marche d\u2019apprentissage afin de me perfectionner sur Adobe Premiere Pro et d\u2019explorer le montage musical. L\u2019objectif \u00e9tait de travailler le rythme, la synchronisation image\/son et des effets comme les superpositions et la transparence.<\/p>\t\t\t\t\t\t\t\t<\/div>\n\t\t\t\t<\/div>\n\t\t\t\t<\/div>\n\t\t<div class=\"elementor-element elementor-element-db218c8 e-con-full e-flex wpr-particle-no wpr-jarallax-no wpr-parallax-no wpr-sticky-section-no e-con e-child\" data-id=\"db218c8\" data-element_type=\"container\">\n\t\t\t\t<div class=\"elementor-element elementor-element-8fea29d elementor-widget elementor-widget-text-editor\" data-id=\"8fea29d\" data-element_type=\"widget\" data-widget_type=\"text-editor.default\">\n\t\t\t\t<div class=\"elementor-widget-container\">\n\t\t\t\t\t\t\t\t\t<p><strong>Objectifs<\/strong>: capter l\u2019attention et de susciter une \u00e9motion forte gr\u00e2ce \u00e0 l\u2019\u00e9nergie du morceau de <span class=\"hover:entity-accent entity-underline inline cursor-pointer align-baseline\"><span class=\"whitespace-normal\">Yeat<\/span><\/span> en proposant une immersion visuelle dynamique.<\/p>\t\t\t\t\t\t\t\t<\/div>\n\t\t\t\t<\/div>\n\t\t\t\t<div class=\"elementor-element elementor-element-b95fa4b elementor-widget elementor-widget-text-editor\" data-id=\"b95fa4b\" data-element_type=\"widget\" data-widget_type=\"text-editor.default\">\n\t\t\t\t<div class=\"elementor-widget-container\">\n\t\t\t\t\t\t\t\t\t<p><strong>Cibles<\/strong>: jeunes adultes de 16 \u00e0 25 ans, actifs sur les r\u00e9seaux sociaux, cr\u00e9ateurs de contenu, vid\u00e9astes d\u00e9butants ou passionn\u00e9s de montage<\/p>\t\t\t\t\t\t\t\t<\/div>\n\t\t\t\t<\/div>\n\t\t\t\t<div class=\"elementor-element elementor-element-e32003f elementor-widget elementor-widget-text-editor\" data-id=\"e32003f\" data-element_type=\"widget\" data-widget_type=\"text-editor.default\">\n\t\t\t\t<div class=\"elementor-widget-container\">\n\t\t\t\t\t\t\t\t\t<p><strong>KPI<\/strong>: \u00a0nombre de vus, taux d&rsquo;interaction<\/p>\t\t\t\t\t\t\t\t<\/div>\n\t\t\t\t<\/div>\n\t\t\t\t<\/div>\n\t\t\t\t<\/div>\n\t\t\t\t\t<\/div>\n\t\t\t\t<\/div>\n\t\t<div class=\"elementor-element elementor-element-67fd851 e-grid e-con-boxed wpr-particle-no wpr-jarallax-no wpr-parallax-no wpr-sticky-section-no e-con e-parent\" data-id=\"67fd851\" data-element_type=\"container\" data-settings=\"{&quot;background_background&quot;:&quot;classic&quot;}\">\n\t\t\t\t\t<div class=\"e-con-inner\">\n\t\t\t\t<div class=\"elementor-element elementor-element-dd2fc17 elementor-widget elementor-widget-image\" data-id=\"dd2fc17\" data-element_type=\"widget\" data-widget_type=\"image.default\">\n\t\t\t\t<div class=\"elementor-widget-container\">\n\t\t\t\t\t\t\t\t\t\t\t\t\t\t\t\t<a href=\"https:\/\/www.portfolio-bts-com.fr\/Chloe-s\/logofolio\/%20\">\n\t\t\t\t\t\t\t<img fetchpriority=\"high\" decoding=\"async\" width=\"1002\" height=\"602\" src=\"https:\/\/www.portfolio-bts-com.fr\/Chloe-s\/wp-content\/uploads\/2026\/01\/cadre-logofolio-e1769180074776.png\" class=\"elementor-animation-grow attachment-2048x2048 size-2048x2048 wp-image-1061\" alt=\"\" srcset=\"https:\/\/www.portfolio-bts-com.fr\/Chloe-s\/wp-content\/uploads\/2026\/01\/cadre-logofolio-e1769180074776.png 1002w, https:\/\/www.portfolio-bts-com.fr\/Chloe-s\/wp-content\/uploads\/2026\/01\/cadre-logofolio-e1769180074776-300x180.png 300w, https:\/\/www.portfolio-bts-com.fr\/Chloe-s\/wp-content\/uploads\/2026\/01\/cadre-logofolio-e1769180074776-768x461.png 768w\" sizes=\"(max-width: 1002px) 100vw, 1002px\" \/>\t\t\t\t\t\t\t\t<\/a>\n\t\t\t\t\t\t\t\t\t\t\t\t\t\t\t<\/div>\n\t\t\t\t<\/div>\n\t\t\t\t<div class=\"elementor-element elementor-element-d12c75b elementor-widget elementor-widget-image\" data-id=\"d12c75b\" data-element_type=\"widget\" data-widget_type=\"image.default\">\n\t\t\t\t<div class=\"elementor-widget-container\">\n\t\t\t\t\t\t\t\t\t\t\t\t\t\t\t\t<a href=\"https:\/\/www.portfolio-bts-com.fr\/Chloe-s\/print\/\">\n\t\t\t\t\t\t\t<img decoding=\"async\" width=\"1018\" height=\"620\" src=\"https:\/\/www.portfolio-bts-com.fr\/Chloe-s\/wp-content\/uploads\/2026\/01\/Cadre-print-e1769180104572.png\" class=\"elementor-animation-grow attachment-2048x2048 size-2048x2048 wp-image-1062\" alt=\"\" srcset=\"https:\/\/www.portfolio-bts-com.fr\/Chloe-s\/wp-content\/uploads\/2026\/01\/Cadre-print-e1769180104572.png 1018w, https:\/\/www.portfolio-bts-com.fr\/Chloe-s\/wp-content\/uploads\/2026\/01\/Cadre-print-e1769180104572-300x183.png 300w, https:\/\/www.portfolio-bts-com.fr\/Chloe-s\/wp-content\/uploads\/2026\/01\/Cadre-print-e1769180104572-768x468.png 768w\" sizes=\"(max-width: 1018px) 100vw, 1018px\" \/>\t\t\t\t\t\t\t\t<\/a>\n\t\t\t\t\t\t\t\t\t\t\t\t\t\t\t<\/div>\n\t\t\t\t<\/div>\n\t\t\t\t<div class=\"elementor-element elementor-element-ad1ca01 elementor-widget elementor-widget-image\" data-id=\"ad1ca01\" data-element_type=\"widget\" data-widget_type=\"image.default\">\n\t\t\t\t<div class=\"elementor-widget-container\">\n\t\t\t\t\t\t\t\t\t\t\t\t\t\t\t<img decoding=\"async\" width=\"998\" height=\"624\" src=\"https:\/\/www.portfolio-bts-com.fr\/Chloe-s\/wp-content\/uploads\/2026\/01\/Cadre-mes-projets-emblematiques-e1769180365285.png\" class=\"elementor-animation-grow attachment-2048x2048 size-2048x2048 wp-image-1064\" alt=\"\" srcset=\"https:\/\/www.portfolio-bts-com.fr\/Chloe-s\/wp-content\/uploads\/2026\/01\/Cadre-mes-projets-emblematiques-e1769180365285.png 998w, https:\/\/www.portfolio-bts-com.fr\/Chloe-s\/wp-content\/uploads\/2026\/01\/Cadre-mes-projets-emblematiques-e1769180365285-300x188.png 300w, https:\/\/www.portfolio-bts-com.fr\/Chloe-s\/wp-content\/uploads\/2026\/01\/Cadre-mes-projets-emblematiques-e1769180365285-768x480.png 768w\" sizes=\"(max-width: 998px) 100vw, 998px\" \/>\t\t\t\t\t\t\t\t\t\t\t\t\t\t\t<\/div>\n\t\t\t\t<\/div>\n\t\t\t\t\t<\/div>\n\t\t\t\t<\/div>\n\t\t\t\t<\/div>\n\t\t","protected":false},"excerpt":{"rendered":"<p>Vid\u00e9o https:\/\/www.portfolio-bts-com.fr\/Chloe-s\/wp-content\/uploads\/2025\/11\/Oh-i-did-termine-2_1.mp4 Contexte: Cette vid\u00e9o est un projet personnel r\u00e9alis\u00e9 dans une d\u00e9marche d\u2019apprentissage afin de me perfectionner sur Adobe Premiere Pro et d\u2019explorer le montage musical. L\u2019objectif \u00e9tait de travailler le rythme, la synchronisation image\/son et des effets comme les superpositions et la transparence. Objectifs: capter l\u2019attention et de susciter une \u00e9motion forte gr\u00e2ce \u00e0 l\u2019\u00e9nergie du morceau de Yeat en proposant une immersion visuelle dynamique. Cibles: jeunes adultes de 16 \u00e0 25 ans, actifs sur les r\u00e9seaux sociaux, cr\u00e9ateurs de contenu, vid\u00e9astes d\u00e9butants ou passionn\u00e9s de montage KPI: \u00a0nombre de vus, taux d&rsquo;interaction<\/p>\n","protected":false},"author":1,"featured_media":0,"parent":0,"menu_order":0,"comment_status":"closed","ping_status":"closed","template":"","meta":{"site-sidebar-layout":"no-sidebar","site-content-layout":"","ast-site-content-layout":"full-width-container","site-content-style":"default","site-sidebar-style":"default","ast-global-header-display":"","ast-banner-title-visibility":"","ast-main-header-display":"","ast-hfb-above-header-display":"","ast-hfb-below-header-display":"","ast-hfb-mobile-header-display":"","site-post-title":"disabled","ast-breadcrumbs-content":"","ast-featured-img":"disabled","footer-sml-layout":"","theme-transparent-header-meta":"","adv-header-id-meta":"","stick-header-meta":"","header-above-stick-meta":"","header-main-stick-meta":"","header-below-stick-meta":"","astra-migrate-meta-layouts":"default","ast-page-background-enabled":"default","ast-page-background-meta":{"desktop":{"background-color":"var(--ast-global-color-5)","background-image":"","background-repeat":"repeat","background-position":"center center","background-size":"auto","background-attachment":"scroll","background-type":"","background-media":"","overlay-type":"","overlay-color":"","overlay-opacity":"","overlay-gradient":""},"tablet":{"background-color":"","background-image":"","background-repeat":"repeat","background-position":"center center","background-size":"auto","background-attachment":"scroll","background-type":"","background-media":"","overlay-type":"","overlay-color":"","overlay-opacity":"","overlay-gradient":""},"mobile":{"background-color":"","background-image":"","background-repeat":"repeat","background-position":"center center","background-size":"auto","background-attachment":"scroll","background-type":"","background-media":"","overlay-type":"","overlay-color":"","overlay-opacity":"","overlay-gradient":""}},"ast-content-background-meta":{"desktop":{"background-color":"var(--ast-global-color-4)","background-image":"","background-repeat":"repeat","background-position":"center center","background-size":"auto","background-attachment":"scroll","background-type":"","background-media":"","overlay-type":"","overlay-color":"","overlay-opacity":"","overlay-gradient":""},"tablet":{"background-color":"var(--ast-global-color-4)","background-image":"","background-repeat":"repeat","background-position":"center center","background-size":"auto","background-attachment":"scroll","background-type":"","background-media":"","overlay-type":"","overlay-color":"","overlay-opacity":"","overlay-gradient":""},"mobile":{"background-color":"var(--ast-global-color-4)","background-image":"","background-repeat":"repeat","background-position":"center center","background-size":"auto","background-attachment":"scroll","background-type":"","background-media":"","overlay-type":"","overlay-color":"","overlay-opacity":"","overlay-gradient":""}},"footnotes":""},"class_list":["post-607","page","type-page","status-publish","hentry"],"_links":{"self":[{"href":"https:\/\/www.portfolio-bts-com.fr\/Chloe-s\/wp-json\/wp\/v2\/pages\/607","targetHints":{"allow":["GET"]}}],"collection":[{"href":"https:\/\/www.portfolio-bts-com.fr\/Chloe-s\/wp-json\/wp\/v2\/pages"}],"about":[{"href":"https:\/\/www.portfolio-bts-com.fr\/Chloe-s\/wp-json\/wp\/v2\/types\/page"}],"author":[{"embeddable":true,"href":"https:\/\/www.portfolio-bts-com.fr\/Chloe-s\/wp-json\/wp\/v2\/users\/1"}],"replies":[{"embeddable":true,"href":"https:\/\/www.portfolio-bts-com.fr\/Chloe-s\/wp-json\/wp\/v2\/comments?post=607"}],"version-history":[{"count":70,"href":"https:\/\/www.portfolio-bts-com.fr\/Chloe-s\/wp-json\/wp\/v2\/pages\/607\/revisions"}],"predecessor-version":[{"id":1518,"href":"https:\/\/www.portfolio-bts-com.fr\/Chloe-s\/wp-json\/wp\/v2\/pages\/607\/revisions\/1518"}],"wp:attachment":[{"href":"https:\/\/www.portfolio-bts-com.fr\/Chloe-s\/wp-json\/wp\/v2\/media?parent=607"}],"curies":[{"name":"wp","href":"https:\/\/api.w.org\/{rel}","templated":true}]}}