{"id":745,"date":"2025-12-14T10:14:27","date_gmt":"2025-12-14T10:14:27","guid":{"rendered":"https:\/\/www.portfolio-bts-com.fr\/Chloe-s\/?page_id=745"},"modified":"2026-03-17T12:48:46","modified_gmt":"2026-03-17T12:48:46","slug":"french-twist-2","status":"publish","type":"page","link":"https:\/\/www.portfolio-bts-com.fr\/Chloe-s\/french-twist-2\/","title":{"rendered":"Logo French Twist"},"content":{"rendered":"\t\t<div data-elementor-type=\"wp-page\" data-elementor-id=\"745\" class=\"elementor elementor-745\">\n\t\t\t\t<div class=\"elementor-element elementor-element-19aa623a e-flex e-con-boxed wpr-particle-no wpr-jarallax-no wpr-parallax-no wpr-sticky-section-no e-con e-parent\" data-id=\"19aa623a\" data-element_type=\"container\" data-settings=\"{&quot;background_background&quot;:&quot;classic&quot;}\">\n\t\t\t\t\t<div class=\"e-con-inner\">\n\t\t\t\t\t<\/div>\n\t\t\t\t<\/div>\n\t\t<div class=\"elementor-element elementor-element-75210032 e-flex e-con-boxed wpr-particle-no wpr-jarallax-no wpr-parallax-no wpr-sticky-section-no e-con e-parent\" data-id=\"75210032\" data-element_type=\"container\" data-settings=\"{&quot;background_background&quot;:&quot;classic&quot;}\">\n\t\t\t\t\t<div class=\"e-con-inner\">\n\t\t<div class=\"elementor-element elementor-element-1b2e55f1 e-con-full e-flex wpr-particle-no wpr-jarallax-no wpr-parallax-no wpr-sticky-section-no e-con e-child\" data-id=\"1b2e55f1\" data-element_type=\"container\" data-settings=\"{&quot;background_background&quot;:&quot;classic&quot;}\">\n\t\t\t\t<div class=\"elementor-element elementor-element-493fd83d elementor-widget elementor-widget-heading\" data-id=\"493fd83d\" data-element_type=\"widget\" data-widget_type=\"heading.default\">\n\t\t\t\t<div class=\"elementor-widget-container\">\n\t\t\t\t\t<h2 class=\"elementor-heading-title elementor-size-default\"><span class=\"elementor-heading-title elementor-size-default elementor-inline-editing pen\" data-elementor-setting-key=\"title\" data-pen-placeholder=\"\u00c9crivez ici...\" style=\"border: 0px;vertical-align: baseline;clear: none;line-height: 1.3em\">FRENCH TWIST<\/span><\/h2>\t\t\t\t<\/div>\n\t\t\t\t<\/div>\n\t\t\t\t<div class=\"elementor-element elementor-element-21a911e6 elementor-widget elementor-widget-text-editor\" data-id=\"21a911e6\" data-element_type=\"widget\" data-widget_type=\"text-editor.default\">\n\t\t\t\t<div class=\"elementor-widget-container\">\n\t\t\t\t\t\t\t\t\t<p><strong>Le fast-food qui vous fait tourner la t\u00eate<\/strong><\/p>\t\t\t\t\t\t\t\t<\/div>\n\t\t\t\t<\/div>\n\t\t\t\t<div class=\"elementor-element elementor-element-2daf1dce elementor-widget elementor-widget-heading\" data-id=\"2daf1dce\" data-element_type=\"widget\" data-widget_type=\"heading.default\">\n\t\t\t\t<div class=\"elementor-widget-container\">\n\t\t\t\t\t<h2 class=\"elementor-heading-title elementor-size-default\">Contexte<\/h2>\t\t\t\t<\/div>\n\t\t\t\t<\/div>\n\t\t\t\t<div class=\"elementor-element elementor-element-63aebd9d elementor-widget elementor-widget-text-editor\" data-id=\"63aebd9d\" data-element_type=\"widget\" data-widget_type=\"text-editor.default\">\n\t\t\t\t<div class=\"elementor-widget-container\">\n\t\t\t\t\t\t\t\t\t<p>Dans le cadre d\u2019un projet de groupe en classe, j\u2019ai con\u00e7u la communication d\u2019un menu transform\u00e9 pour un fast-food que j\u2019ai imagin\u00e9, avec son identit\u00e9 visuelle.\u00a0<\/p>\t\t\t\t\t\t\t\t<\/div>\n\t\t\t\t<\/div>\n\t\t\t\t<\/div>\n\t\t<div class=\"elementor-element elementor-element-4e67f973 e-con-full e-flex wpr-particle-no wpr-jarallax-no wpr-parallax-no wpr-sticky-section-no e-con e-child\" data-id=\"4e67f973\" data-element_type=\"container\" data-settings=\"{&quot;background_background&quot;:&quot;classic&quot;}\">\n\t\t\t\t<div class=\"elementor-element elementor-element-41cef78 elementor-widget elementor-widget-image\" data-id=\"41cef78\" data-element_type=\"widget\" data-widget_type=\"image.default\">\n\t\t\t\t<div class=\"elementor-widget-container\">\n\t\t\t\t\t\t\t\t\t\t\t\t\t\t\t<img fetchpriority=\"high\" decoding=\"async\" width=\"592\" height=\"590\" src=\"https:\/\/www.portfolio-bts-com.fr\/Chloe-s\/wp-content\/uploads\/2025\/12\/logo-FT-image-1-1-e1765715862322.png\" class=\"attachment-2048x2048 size-2048x2048 wp-image-802\" alt=\"\" srcset=\"https:\/\/www.portfolio-bts-com.fr\/Chloe-s\/wp-content\/uploads\/2025\/12\/logo-FT-image-1-1-e1765715862322.png 592w, https:\/\/www.portfolio-bts-com.fr\/Chloe-s\/wp-content\/uploads\/2025\/12\/logo-FT-image-1-1-e1765715862322-300x300.png 300w, https:\/\/www.portfolio-bts-com.fr\/Chloe-s\/wp-content\/uploads\/2025\/12\/logo-FT-image-1-1-e1765715862322-150x150.png 150w\" sizes=\"(max-width: 592px) 100vw, 592px\" \/>\t\t\t\t\t\t\t\t\t\t\t\t\t\t\t<\/div>\n\t\t\t\t<\/div>\n\t\t\t\t<\/div>\n\t\t\t\t\t<\/div>\n\t\t\t\t<\/div>\n\t\t<div class=\"elementor-element elementor-element-34c05d9e e-flex e-con-boxed wpr-particle-no wpr-jarallax-no wpr-parallax-no wpr-sticky-section-no e-con e-parent\" data-id=\"34c05d9e\" data-element_type=\"container\">\n\t\t\t\t\t<div class=\"e-con-inner\">\n\t\t\t\t<div class=\"elementor-element elementor-element-25af9f7 elementor-widget elementor-widget-heading\" data-id=\"25af9f7\" data-element_type=\"widget\" data-widget_type=\"heading.default\">\n\t\t\t\t<div class=\"elementor-widget-container\">\n\t\t\t\t\t<h2 class=\"elementor-heading-title elementor-size-default\">Objectifs<\/h2>\t\t\t\t<\/div>\n\t\t\t\t<\/div>\n\t\t\t\t\t<\/div>\n\t\t\t\t<\/div>\n\t\t<div class=\"elementor-element elementor-element-1808de98 e-grid e-con-boxed wpr-particle-no wpr-jarallax-no wpr-parallax-no wpr-sticky-section-no e-con e-parent\" data-id=\"1808de98\" data-element_type=\"container\">\n\t\t\t\t\t<div class=\"e-con-inner\">\n\t\t\t\t<div class=\"elementor-element elementor-element-26c5d814 elementor-widget elementor-widget-text-editor\" data-id=\"26c5d814\" data-element_type=\"widget\" data-widget_type=\"text-editor.default\">\n\t\t\t\t<div class=\"elementor-widget-container\">\n\t\t\t\t\t\t\t\t\t<p>Cognitif<\/p>\t\t\t\t\t\t\t\t<\/div>\n\t\t\t\t<\/div>\n\t\t\t\t<div class=\"elementor-element elementor-element-44de5b80 elementor-widget elementor-widget-text-editor\" data-id=\"44de5b80\" data-element_type=\"widget\" data-widget_type=\"text-editor.default\">\n\t\t\t\t<div class=\"elementor-widget-container\">\n\t\t\t\t\t\t\t\t\t<p>Affectif<\/p>\t\t\t\t\t\t\t\t<\/div>\n\t\t\t\t<\/div>\n\t\t\t\t<div class=\"elementor-element elementor-element-1a7490af elementor-widget elementor-widget-text-editor\" data-id=\"1a7490af\" data-element_type=\"widget\" data-widget_type=\"text-editor.default\">\n\t\t\t\t<div class=\"elementor-widget-container\">\n\t\t\t\t\t\t\t\t\t<p>Conatif<\/p>\t\t\t\t\t\t\t\t<\/div>\n\t\t\t\t<\/div>\n\t\t\t\t\t<\/div>\n\t\t\t\t<\/div>\n\t\t<div class=\"elementor-element elementor-element-1079aebe e-grid e-con-boxed wpr-particle-no wpr-jarallax-no wpr-parallax-no wpr-sticky-section-no e-con e-parent\" data-id=\"1079aebe\" data-element_type=\"container\">\n\t\t\t\t\t<div class=\"e-con-inner\">\n\t\t\t\t<div class=\"elementor-element elementor-element-7f30c508 elementor-widget elementor-widget-text-editor\" data-id=\"7f30c508\" data-element_type=\"widget\" data-widget_type=\"text-editor.default\">\n\t\t\t\t<div class=\"elementor-widget-container\">\n\t\t\t\t\t\t\t\t\t<p>permettre une identification imm\u00e9diate du concept en associant restauration rapide et inspiration fran\u00e7aise.<\/p>\t\t\t\t\t\t\t\t<\/div>\n\t\t\t\t<\/div>\n\t\t\t\t<div class=\"elementor-element elementor-element-17c15129 elementor-widget elementor-widget-text-editor\" data-id=\"17c15129\" data-element_type=\"widget\" data-widget_type=\"text-editor.default\">\n\t\t\t\t<div class=\"elementor-widget-container\">\n\t\t\t\t\t\t\t\t\t<p>transmettre une image gourmande, conviviale et moderne afin de cr\u00e9er une perception positive et attractive de la marque.<\/p>\t\t\t\t\t\t\t\t<\/div>\n\t\t\t\t<\/div>\n\t\t\t\t<div class=\"elementor-element elementor-element-504c2a8b elementor-widget elementor-widget-text-editor\" data-id=\"504c2a8b\" data-element_type=\"widget\" data-widget_type=\"text-editor.default\">\n\t\t\t\t<div class=\"elementor-widget-container\">\n\t\t\t\t\t\t\t\t\t<div class=\"flex flex-col text-sm\"><article class=\"text-token-text-primary w-full focus:outline-none [--shadow-height:45px] has-data-writing-block:pointer-events-none has-data-writing-block:-mt-(--shadow-height) has-data-writing-block:pt-(--shadow-height) [&amp;:has([data-writing-block])&gt;*]:pointer-events-auto scroll-mt-[calc(var(--header-height)+min(200px,max(70px,20svh)))]\" dir=\"auto\" tabindex=\"-1\" data-turn-id=\"request-69985e8b-d670-8327-9b39-3b9c5fd7f466-5\" data-testid=\"conversation-turn-22\" data-scroll-anchor=\"true\" data-turn=\"assistant\"><div class=\"text-base my-auto mx-auto pb-10 [--thread-content-margin:--spacing(4)] @w-sm\/main:[--thread-content-margin:--spacing(6)] @w-lg\/main:[--thread-content-margin:--spacing(16)] px-(--thread-content-margin)\"><div class=\"[--thread-content-max-width:40rem] @w-lg\/main:[--thread-content-max-width:48rem] mx-auto max-w-(--thread-content-max-width) flex-1 group\/turn-messages focus-visible:outline-hidden relative flex w-full min-w-0 flex-col agent-turn\" tabindex=\"-1\"><div class=\"flex max-w-full flex-col grow\"><div class=\"min-h-8 text-message relative flex w-full flex-col items-end gap-2 text-start break-words whitespace-normal [.text-message+&amp;]:mt-1\" dir=\"auto\" data-message-author-role=\"assistant\" data-message-id=\"c8105a0b-0123-4a8f-8c01-02f8319e4624\" data-message-model-slug=\"gpt-5-2\"><div class=\"flex w-full flex-col gap-1 empty:hidden first:pt-[1px]\"><div class=\"markdown prose dark:prose-invert w-full wrap-break-word light markdown-new-styling\"><p data-start=\"315\" data-end=\"434\" data-is-last-node=\"\" data-is-only-node=\"\">attirer l\u2019attention et de donner envie d\u2019entrer, de d\u00e9couvrir le menu et de tester le concept.<\/p><\/div><\/div><\/div><\/div><div class=\"z-0 flex min-h-[46px] justify-start\">\u00a0<\/div><div class=\"mt-3 w-full empty:hidden\">\u00a0<\/div><\/div><\/div><\/article><\/div>\t\t\t\t\t\t\t\t<\/div>\n\t\t\t\t<\/div>\n\t\t\t\t\t<\/div>\n\t\t\t\t<\/div>\n\t\t<div class=\"elementor-element elementor-element-2645714b e-flex e-con-boxed wpr-particle-no wpr-jarallax-no wpr-parallax-no wpr-sticky-section-no e-con e-parent\" data-id=\"2645714b\" data-element_type=\"container\" data-settings=\"{&quot;background_background&quot;:&quot;classic&quot;}\">\n\t\t\t\t\t<div class=\"e-con-inner\">\n\t\t\t\t<div class=\"elementor-element elementor-element-6cf61920 elementor-widget elementor-widget-heading\" data-id=\"6cf61920\" data-element_type=\"widget\" data-widget_type=\"heading.default\">\n\t\t\t\t<div class=\"elementor-widget-container\">\n\t\t\t\t\t<h2 class=\"elementor-heading-title elementor-size-default\">La Planche de marque<\/h2>\t\t\t\t<\/div>\n\t\t\t\t<\/div>\n\t\t\t\t\t<\/div>\n\t\t\t\t<\/div>\n\t\t<div class=\"elementor-element elementor-element-21ba8709 e-flex e-con-boxed wpr-particle-no wpr-jarallax-no wpr-parallax-no wpr-sticky-section-no e-con e-parent\" data-id=\"21ba8709\" data-element_type=\"container\">\n\t\t\t\t\t<div class=\"e-con-inner\">\n\t\t<div class=\"elementor-element elementor-element-3e851e0a e-con-full e-flex wpr-particle-no wpr-jarallax-no wpr-parallax-no wpr-sticky-section-no e-con e-child\" data-id=\"3e851e0a\" data-element_type=\"container\">\n\t\t\t\t<div class=\"elementor-element elementor-element-be9143b elementor-widget elementor-widget-image\" data-id=\"be9143b\" data-element_type=\"widget\" data-widget_type=\"image.default\">\n\t\t\t\t<div class=\"elementor-widget-container\">\n\t\t\t\t\t\t\t\t\t\t\t\t\t\t\t<img decoding=\"async\" width=\"1434\" height=\"986\" src=\"https:\/\/www.portfolio-bts-com.fr\/Chloe-s\/wp-content\/uploads\/2025\/11\/moodboard-FT-e1765716397300.png\" class=\"attachment-full size-full wp-image-390\" alt=\"\" srcset=\"https:\/\/www.portfolio-bts-com.fr\/Chloe-s\/wp-content\/uploads\/2025\/11\/moodboard-FT-e1765716397300.png 1434w, https:\/\/www.portfolio-bts-com.fr\/Chloe-s\/wp-content\/uploads\/2025\/11\/moodboard-FT-e1765716397300-300x206.png 300w, https:\/\/www.portfolio-bts-com.fr\/Chloe-s\/wp-content\/uploads\/2025\/11\/moodboard-FT-e1765716397300-1024x704.png 1024w, https:\/\/www.portfolio-bts-com.fr\/Chloe-s\/wp-content\/uploads\/2025\/11\/moodboard-FT-e1765716397300-768x528.png 768w\" sizes=\"(max-width: 1434px) 100vw, 1434px\" \/>\t\t\t\t\t\t\t\t\t\t\t\t\t\t\t<\/div>\n\t\t\t\t<\/div>\n\t\t\t\t<\/div>\n\t\t<div class=\"elementor-element elementor-element-65bab3a5 e-con-full e-flex wpr-particle-no wpr-jarallax-no wpr-parallax-no wpr-sticky-section-no e-con e-child\" data-id=\"65bab3a5\" data-element_type=\"container\">\n\t\t\t\t<div class=\"elementor-element elementor-element-a12f5d5 elementor-widget elementor-widget-text-editor\" data-id=\"a12f5d5\" data-element_type=\"widget\" data-widget_type=\"text-editor.default\">\n\t\t\t\t<div class=\"elementor-widget-container\">\n\t\t\t\t\t\t\t\t\t<p>J\u2019ai r\u00e9alis\u00e9 un moodboard pour French Twist afin de d\u00e9finir son univers visuel et guider la cr\u00e9ation du logo et des supports.<\/p><p>\u00a0<\/p><p>Il combine des r\u00e9f\u00e9rences \u00e0 l\u2019identit\u00e9 fran\u00e7aise, comme la Tour Eiffel et le drapeau tricolore, avec des codes du fast-food moderne, des visuels gourmands et une palette rouge, bleu et beige pour transmettre \u00e9nergie, s\u00e9rieux et accessibilit\u00e9. Les typographies et compositions simples assurent une communication directe, claire et attractive pour une client\u00e8le jeune et urbaine.<\/p>\t\t\t\t\t\t\t\t<\/div>\n\t\t\t\t<\/div>\n\t\t\t\t<\/div>\n\t\t\t\t\t<\/div>\n\t\t\t\t<\/div>\n\t\t<div class=\"elementor-element elementor-element-a686832 e-grid e-con-boxed wpr-particle-no wpr-jarallax-no wpr-parallax-no wpr-sticky-section-no e-con e-parent\" data-id=\"a686832\" data-element_type=\"container\" data-settings=\"{&quot;background_background&quot;:&quot;classic&quot;}\">\n\t\t\t\t\t<div class=\"e-con-inner\">\n\t\t\t\t<div class=\"elementor-element elementor-element-cf13f8a elementor-widget elementor-widget-image\" data-id=\"cf13f8a\" data-element_type=\"widget\" data-widget_type=\"image.default\">\n\t\t\t\t<div class=\"elementor-widget-container\">\n\t\t\t\t\t\t\t\t\t\t\t\t\t\t\t<img decoding=\"async\" width=\"960\" height=\"618\" src=\"https:\/\/www.portfolio-bts-com.fr\/Chloe-s\/wp-content\/uploads\/2025\/12\/AI-logo-e1765716632865.png\" class=\"attachment-2048x2048 size-2048x2048 wp-image-777\" alt=\"\" srcset=\"https:\/\/www.portfolio-bts-com.fr\/Chloe-s\/wp-content\/uploads\/2025\/12\/AI-logo-e1765716632865.png 960w, https:\/\/www.portfolio-bts-com.fr\/Chloe-s\/wp-content\/uploads\/2025\/12\/AI-logo-e1765716632865-300x193.png 300w, https:\/\/www.portfolio-bts-com.fr\/Chloe-s\/wp-content\/uploads\/2025\/12\/AI-logo-e1765716632865-768x494.png 768w\" sizes=\"(max-width: 960px) 100vw, 960px\" \/>\t\t\t\t\t\t\t\t\t\t\t\t\t\t\t<\/div>\n\t\t\t\t<\/div>\n\t\t\t\t<div class=\"elementor-element elementor-element-f1e7cc6 elementor-widget elementor-widget-image\" data-id=\"f1e7cc6\" data-element_type=\"widget\" data-widget_type=\"image.default\">\n\t\t\t\t<div class=\"elementor-widget-container\">\n\t\t\t\t\t\t\t\t\t\t\t\t\t\t\t<img loading=\"lazy\" decoding=\"async\" width=\"950\" height=\"618\" src=\"https:\/\/www.portfolio-bts-com.fr\/Chloe-s\/wp-content\/uploads\/2025\/12\/Logo-ID-e1765716828768.png\" class=\"attachment-2048x2048 size-2048x2048 wp-image-825\" alt=\"\" srcset=\"https:\/\/www.portfolio-bts-com.fr\/Chloe-s\/wp-content\/uploads\/2025\/12\/Logo-ID-e1765716828768.png 950w, https:\/\/www.portfolio-bts-com.fr\/Chloe-s\/wp-content\/uploads\/2025\/12\/Logo-ID-e1765716828768-300x195.png 300w, https:\/\/www.portfolio-bts-com.fr\/Chloe-s\/wp-content\/uploads\/2025\/12\/Logo-ID-e1765716828768-768x500.png 768w\" sizes=\"(max-width: 950px) 100vw, 950px\" \/>\t\t\t\t\t\t\t\t\t\t\t\t\t\t\t<\/div>\n\t\t\t\t<\/div>\n\t\t\t\t\t<\/div>\n\t\t\t\t<\/div>\n\t\t<div class=\"elementor-element elementor-element-79a92ac3 e-grid e-con-boxed wpr-particle-no wpr-jarallax-no wpr-parallax-no wpr-sticky-section-no e-con e-parent\" data-id=\"79a92ac3\" data-element_type=\"container\" data-settings=\"{&quot;background_background&quot;:&quot;classic&quot;}\">\n\t\t\t\t\t<div class=\"e-con-inner\">\n\t\t\t\t<div class=\"elementor-element elementor-element-10dbd1f elementor-widget elementor-widget-image\" data-id=\"10dbd1f\" data-element_type=\"widget\" data-widget_type=\"image.default\">\n\t\t\t\t<div class=\"elementor-widget-container\">\n\t\t\t\t\t\t\t\t\t\t\t\t\t\t\t\t<a href=\"https:\/\/www.portfolio-bts-com.fr\/Chloe-s\/frosty-beats-3\/\">\n\t\t\t\t\t\t\t<img loading=\"lazy\" decoding=\"async\" width=\"910\" height=\"560\" src=\"https:\/\/www.portfolio-bts-com.fr\/Chloe-s\/wp-content\/uploads\/2026\/02\/Cadre-Frosty-Beats-e1770385245300.png\" class=\"elementor-animation-grow attachment-2048x2048 size-2048x2048 wp-image-1196\" alt=\"\" srcset=\"https:\/\/www.portfolio-bts-com.fr\/Chloe-s\/wp-content\/uploads\/2026\/02\/Cadre-Frosty-Beats-e1770385245300.png 910w, https:\/\/www.portfolio-bts-com.fr\/Chloe-s\/wp-content\/uploads\/2026\/02\/Cadre-Frosty-Beats-e1770385245300-300x185.png 300w, https:\/\/www.portfolio-bts-com.fr\/Chloe-s\/wp-content\/uploads\/2026\/02\/Cadre-Frosty-Beats-e1770385245300-768x473.png 768w\" sizes=\"(max-width: 910px) 100vw, 910px\" \/>\t\t\t\t\t\t\t\t<\/a>\n\t\t\t\t\t\t\t\t\t\t\t\t\t\t\t<\/div>\n\t\t\t\t<\/div>\n\t\t\t\t<div class=\"elementor-element elementor-element-631e9832 elementor-widget elementor-widget-image\" data-id=\"631e9832\" data-element_type=\"widget\" data-widget_type=\"image.default\">\n\t\t\t\t<div class=\"elementor-widget-container\">\n\t\t\t\t\t\t\t\t\t\t\t\t\t\t\t\t<a href=\"https:\/\/www.portfolio-bts-com.fr\/Chloe-s\/logo-portfolio\/\">\n\t\t\t\t\t\t\t<img loading=\"lazy\" decoding=\"async\" width=\"960\" height=\"605\" src=\"https:\/\/www.portfolio-bts-com.fr\/Chloe-s\/wp-content\/uploads\/2026\/01\/Cadre-logo-portfolio-e1769179864667.png\" class=\"elementor-animation-grow attachment-2048x2048 size-2048x2048 wp-image-1055\" alt=\"\" srcset=\"https:\/\/www.portfolio-bts-com.fr\/Chloe-s\/wp-content\/uploads\/2026\/01\/Cadre-logo-portfolio-e1769179864667.png 960w, https:\/\/www.portfolio-bts-com.fr\/Chloe-s\/wp-content\/uploads\/2026\/01\/Cadre-logo-portfolio-e1769179864667-300x189.png 300w, https:\/\/www.portfolio-bts-com.fr\/Chloe-s\/wp-content\/uploads\/2026\/01\/Cadre-logo-portfolio-e1769179864667-768x484.png 768w\" sizes=\"(max-width: 960px) 100vw, 960px\" \/>\t\t\t\t\t\t\t\t<\/a>\n\t\t\t\t\t\t\t\t\t\t\t\t\t\t\t<\/div>\n\t\t\t\t<\/div>\n\t\t\t\t<div class=\"elementor-element elementor-element-79fde700 elementor-widget elementor-widget-image\" data-id=\"79fde700\" data-element_type=\"widget\" data-widget_type=\"image.default\">\n\t\t\t\t<div class=\"elementor-widget-container\">\n\t\t\t\t\t\t\t\t\t\t\t\t\t\t\t\t<a href=\"https:\/\/www.portfolio-bts-com.fr\/Chloe-s\/mes-creations\/\">\n\t\t\t\t\t\t\t<img loading=\"lazy\" decoding=\"async\" width=\"1018\" height=\"653\" src=\"https:\/\/www.portfolio-bts-com.fr\/Chloe-s\/wp-content\/uploads\/2026\/01\/Cadre-mes-creations-1-e1769179900442.png\" class=\"elementor-animation-grow attachment-2048x2048 size-2048x2048 wp-image-1056\" alt=\"\" srcset=\"https:\/\/www.portfolio-bts-com.fr\/Chloe-s\/wp-content\/uploads\/2026\/01\/Cadre-mes-creations-1-e1769179900442.png 1018w, https:\/\/www.portfolio-bts-com.fr\/Chloe-s\/wp-content\/uploads\/2026\/01\/Cadre-mes-creations-1-e1769179900442-300x192.png 300w, https:\/\/www.portfolio-bts-com.fr\/Chloe-s\/wp-content\/uploads\/2026\/01\/Cadre-mes-creations-1-e1769179900442-768x493.png 768w\" sizes=\"(max-width: 1018px) 100vw, 1018px\" \/>\t\t\t\t\t\t\t\t<\/a>\n\t\t\t\t\t\t\t\t\t\t\t\t\t\t\t<\/div>\n\t\t\t\t<\/div>\n\t\t\t\t\t<\/div>\n\t\t\t\t<\/div>\n\t\t\t\t<\/div>\n\t\t","protected":false},"excerpt":{"rendered":"<p>FRENCH TWIST Le fast-food qui vous fait tourner la t\u00eate Contexte Dans le cadre d\u2019un projet de groupe en classe, j\u2019ai con\u00e7u la communication d\u2019un menu transform\u00e9 pour un fast-food que j\u2019ai imagin\u00e9, avec son identit\u00e9 visuelle.\u00a0 Objectifs Cognitif Affectif Conatif permettre une identification imm\u00e9diate du concept en associant restauration rapide et inspiration fran\u00e7aise. transmettre une image gourmande, conviviale et moderne afin de cr\u00e9er une perception positive et attractive de la marque. attirer l\u2019attention et de donner envie d\u2019entrer, de d\u00e9couvrir le menu et de tester le concept. \u00a0\u00a0 La Planche de marque J\u2019ai r\u00e9alis\u00e9 un moodboard pour French Twist afin de d\u00e9finir son univers visuel et guider la cr\u00e9ation du logo et des supports. \u00a0 Il combine des r\u00e9f\u00e9rences \u00e0 l\u2019identit\u00e9 fran\u00e7aise, comme la Tour Eiffel et le drapeau tricolore, avec des codes du fast-food moderne, des visuels gourmands et une palette rouge, bleu et beige pour transmettre \u00e9nergie, s\u00e9rieux et accessibilit\u00e9. Les typographies et compositions simples assurent une communication directe, claire et attractive pour une client\u00e8le jeune et urbaine.<\/p>\n","protected":false},"author":1,"featured_media":0,"parent":0,"menu_order":0,"comment_status":"closed","ping_status":"closed","template":"","meta":{"site-sidebar-layout":"no-sidebar","site-content-layout":"","ast-site-content-layout":"full-width-container","site-content-style":"default","site-sidebar-style":"default","ast-global-header-display":"","ast-banner-title-visibility":"","ast-main-header-display":"","ast-hfb-above-header-display":"","ast-hfb-below-header-display":"","ast-hfb-mobile-header-display":"","site-post-title":"disabled","ast-breadcrumbs-content":"","ast-featured-img":"disabled","footer-sml-layout":"","theme-transparent-header-meta":"","adv-header-id-meta":"","stick-header-meta":"","header-above-stick-meta":"","header-main-stick-meta":"","header-below-stick-meta":"","astra-migrate-meta-layouts":"default","ast-page-background-enabled":"default","ast-page-background-meta":{"desktop":{"background-color":"var(--ast-global-color-5)","background-image":"","background-repeat":"repeat","background-position":"center center","background-size":"auto","background-attachment":"scroll","background-type":"","background-media":"","overlay-type":"","overlay-color":"","overlay-opacity":"","overlay-gradient":""},"tablet":{"background-color":"","background-image":"","background-repeat":"repeat","background-position":"center center","background-size":"auto","background-attachment":"scroll","background-type":"","background-media":"","overlay-type":"","overlay-color":"","overlay-opacity":"","overlay-gradient":""},"mobile":{"background-color":"","background-image":"","background-repeat":"repeat","background-position":"center center","background-size":"auto","background-attachment":"scroll","background-type":"","background-media":"","overlay-type":"","overlay-color":"","overlay-opacity":"","overlay-gradient":""}},"ast-content-background-meta":{"desktop":{"background-color":"var(--ast-global-color-4)","background-image":"","background-repeat":"repeat","background-position":"center center","background-size":"auto","background-attachment":"scroll","background-type":"","background-media":"","overlay-type":"","overlay-color":"","overlay-opacity":"","overlay-gradient":""},"tablet":{"background-color":"var(--ast-global-color-4)","background-image":"","background-repeat":"repeat","background-position":"center center","background-size":"auto","background-attachment":"scroll","background-type":"","background-media":"","overlay-type":"","overlay-color":"","overlay-opacity":"","overlay-gradient":""},"mobile":{"background-color":"var(--ast-global-color-4)","background-image":"","background-repeat":"repeat","background-position":"center center","background-size":"auto","background-attachment":"scroll","background-type":"","background-media":"","overlay-type":"","overlay-color":"","overlay-opacity":"","overlay-gradient":""}},"footnotes":""},"class_list":["post-745","page","type-page","status-publish","hentry"],"_links":{"self":[{"href":"https:\/\/www.portfolio-bts-com.fr\/Chloe-s\/wp-json\/wp\/v2\/pages\/745","targetHints":{"allow":["GET"]}}],"collection":[{"href":"https:\/\/www.portfolio-bts-com.fr\/Chloe-s\/wp-json\/wp\/v2\/pages"}],"about":[{"href":"https:\/\/www.portfolio-bts-com.fr\/Chloe-s\/wp-json\/wp\/v2\/types\/page"}],"author":[{"embeddable":true,"href":"https:\/\/www.portfolio-bts-com.fr\/Chloe-s\/wp-json\/wp\/v2\/users\/1"}],"replies":[{"embeddable":true,"href":"https:\/\/www.portfolio-bts-com.fr\/Chloe-s\/wp-json\/wp\/v2\/comments?post=745"}],"version-history":[{"count":71,"href":"https:\/\/www.portfolio-bts-com.fr\/Chloe-s\/wp-json\/wp\/v2\/pages\/745\/revisions"}],"predecessor-version":[{"id":1851,"href":"https:\/\/www.portfolio-bts-com.fr\/Chloe-s\/wp-json\/wp\/v2\/pages\/745\/revisions\/1851"}],"wp:attachment":[{"href":"https:\/\/www.portfolio-bts-com.fr\/Chloe-s\/wp-json\/wp\/v2\/media?parent=745"}],"curies":[{"name":"wp","href":"https:\/\/api.w.org\/{rel}","templated":true}]}}