{"id":747,"date":"2025-12-14T10:14:56","date_gmt":"2025-12-14T10:14:56","guid":{"rendered":"https:\/\/www.portfolio-bts-com.fr\/Chloe-s\/?page_id=747"},"modified":"2026-03-18T12:27:32","modified_gmt":"2026-03-18T12:27:32","slug":"logo-portfolio","status":"publish","type":"page","link":"https:\/\/www.portfolio-bts-com.fr\/Chloe-s\/logo-portfolio\/","title":{"rendered":"Logo portfolio"},"content":{"rendered":"\t\t<div data-elementor-type=\"wp-page\" data-elementor-id=\"747\" class=\"elementor elementor-747\">\n\t\t\t\t<div class=\"elementor-element elementor-element-34d40d9f e-flex e-con-boxed wpr-particle-no wpr-jarallax-no wpr-parallax-no wpr-sticky-section-no e-con e-parent\" data-id=\"34d40d9f\" data-element_type=\"container\" data-settings=\"{&quot;background_background&quot;:&quot;classic&quot;}\">\n\t\t\t\t\t<div class=\"e-con-inner\">\n\t\t\t\t\t<\/div>\n\t\t\t\t<\/div>\n\t\t<div class=\"elementor-element elementor-element-77ade61e e-flex e-con-boxed wpr-particle-no wpr-jarallax-no wpr-parallax-no wpr-sticky-section-no e-con e-parent\" data-id=\"77ade61e\" data-element_type=\"container\" data-settings=\"{&quot;background_background&quot;:&quot;classic&quot;}\">\n\t\t\t\t\t<div class=\"e-con-inner\">\n\t\t<div class=\"elementor-element elementor-element-59a0ba53 e-con-full e-flex wpr-particle-no wpr-jarallax-no wpr-parallax-no wpr-sticky-section-no e-con e-child\" data-id=\"59a0ba53\" data-element_type=\"container\" data-settings=\"{&quot;background_background&quot;:&quot;classic&quot;}\">\n\t\t\t\t<div class=\"elementor-element elementor-element-1627f954 elementor-widget elementor-widget-heading\" data-id=\"1627f954\" data-element_type=\"widget\" data-widget_type=\"heading.default\">\n\t\t\t\t<div class=\"elementor-widget-container\">\n\t\t\t\t\t<h2 class=\"elementor-heading-title elementor-size-default\">LOGO PORTFOLIO<\/h2>\t\t\t\t<\/div>\n\t\t\t\t<\/div>\n\t\t\t\t<div class=\"elementor-element elementor-element-577ef9b6 elementor-widget elementor-widget-text-editor\" data-id=\"577ef9b6\" data-element_type=\"widget\" data-widget_type=\"text-editor.default\">\n\t\t\t\t<div class=\"elementor-widget-container\">\n\t\t\t\t\t\t\t\t\t<p>Une repr\u00e9sentation significative<\/p>\t\t\t\t\t\t\t\t<\/div>\n\t\t\t\t<\/div>\n\t\t\t\t<div class=\"elementor-element elementor-element-f63f500 elementor-widget elementor-widget-heading\" data-id=\"f63f500\" data-element_type=\"widget\" data-widget_type=\"heading.default\">\n\t\t\t\t<div class=\"elementor-widget-container\">\n\t\t\t\t\t<h2 class=\"elementor-heading-title elementor-size-default\">Contexte<\/h2>\t\t\t\t<\/div>\n\t\t\t\t<\/div>\n\t\t\t\t<div class=\"elementor-element elementor-element-40afbc54 elementor-widget elementor-widget-text-editor\" data-id=\"40afbc54\" data-element_type=\"widget\" data-widget_type=\"text-editor.default\">\n\t\t\t\t<div class=\"elementor-widget-container\">\n\t\t\t\t\t\t\t\t\t<p data-start=\"270\" data-end=\"478\">Ce logo a \u00e9t\u00e9 con\u00e7u pour repr\u00e9senter l\u2019identit\u00e9 visuelle de mon site et de mon portfolio personnel. L\u2019objectif \u00e9tait de cr\u00e9er un symbole qui me ressemble, \u00e0 la fois identifiable, expressif et porteur de sens.<\/p>\t\t\t\t\t\t\t\t<\/div>\n\t\t\t\t<\/div>\n\t\t\t\t<\/div>\n\t\t<div class=\"elementor-element elementor-element-14c3ba6d e-con-full e-flex wpr-particle-no wpr-jarallax-no wpr-parallax-no wpr-sticky-section-no e-con e-child\" data-id=\"14c3ba6d\" data-element_type=\"container\" data-settings=\"{&quot;background_background&quot;:&quot;classic&quot;}\">\n\t\t\t\t<div class=\"elementor-element elementor-element-5c02560 elementor-widget elementor-widget-image\" data-id=\"5c02560\" data-element_type=\"widget\" data-widget_type=\"image.default\">\n\t\t\t\t<div class=\"elementor-widget-container\">\n\t\t\t\t\t\t\t\t\t\t\t\t\t\t\t<img fetchpriority=\"high\" decoding=\"async\" width=\"602\" height=\"592\" src=\"https:\/\/www.portfolio-bts-com.fr\/Chloe-s\/wp-content\/uploads\/2025\/12\/logo-clo-image-1-e1765717383101.png\" class=\"attachment-2048x2048 size-2048x2048 wp-image-841\" alt=\"\" srcset=\"https:\/\/www.portfolio-bts-com.fr\/Chloe-s\/wp-content\/uploads\/2025\/12\/logo-clo-image-1-e1765717383101.png 602w, https:\/\/www.portfolio-bts-com.fr\/Chloe-s\/wp-content\/uploads\/2025\/12\/logo-clo-image-1-e1765717383101-300x295.png 300w\" sizes=\"(max-width: 602px) 100vw, 602px\" \/>\t\t\t\t\t\t\t\t\t\t\t\t\t\t\t<\/div>\n\t\t\t\t<\/div>\n\t\t\t\t<\/div>\n\t\t\t\t\t<\/div>\n\t\t\t\t<\/div>\n\t\t<div class=\"elementor-element elementor-element-3ac5abb9 e-flex e-con-boxed wpr-particle-no wpr-jarallax-no wpr-parallax-no wpr-sticky-section-no e-con e-parent\" data-id=\"3ac5abb9\" data-element_type=\"container\">\n\t\t\t\t\t<div class=\"e-con-inner\">\n\t\t\t\t<div class=\"elementor-element elementor-element-64214a4e elementor-widget elementor-widget-heading\" data-id=\"64214a4e\" data-element_type=\"widget\" data-widget_type=\"heading.default\">\n\t\t\t\t<div class=\"elementor-widget-container\">\n\t\t\t\t\t<h2 class=\"elementor-heading-title elementor-size-default\">Objectifs<\/h2>\t\t\t\t<\/div>\n\t\t\t\t<\/div>\n\t\t\t\t\t<\/div>\n\t\t\t\t<\/div>\n\t\t<div class=\"elementor-element elementor-element-4375c887 e-grid e-con-boxed wpr-particle-no wpr-jarallax-no wpr-parallax-no wpr-sticky-section-no e-con e-parent\" data-id=\"4375c887\" data-element_type=\"container\">\n\t\t\t\t\t<div class=\"e-con-inner\">\n\t\t\t\t<div class=\"elementor-element elementor-element-4388986e elementor-widget elementor-widget-text-editor\" data-id=\"4388986e\" data-element_type=\"widget\" data-widget_type=\"text-editor.default\">\n\t\t\t\t<div class=\"elementor-widget-container\">\n\t\t\t\t\t\t\t\t\t<p>Cognitif<\/p>\t\t\t\t\t\t\t\t<\/div>\n\t\t\t\t<\/div>\n\t\t\t\t<div class=\"elementor-element elementor-element-3789825a elementor-widget elementor-widget-text-editor\" data-id=\"3789825a\" data-element_type=\"widget\" data-widget_type=\"text-editor.default\">\n\t\t\t\t<div class=\"elementor-widget-container\">\n\t\t\t\t\t\t\t\t\t<p>Affectif<\/p>\t\t\t\t\t\t\t\t<\/div>\n\t\t\t\t<\/div>\n\t\t\t\t<div class=\"elementor-element elementor-element-5ca2c9f7 elementor-widget elementor-widget-text-editor\" data-id=\"5ca2c9f7\" data-element_type=\"widget\" data-widget_type=\"text-editor.default\">\n\t\t\t\t<div class=\"elementor-widget-container\">\n\t\t\t\t\t\t\t\t\t<p>Conatif<\/p>\t\t\t\t\t\t\t\t<\/div>\n\t\t\t\t<\/div>\n\t\t\t\t\t<\/div>\n\t\t\t\t<\/div>\n\t\t<div class=\"elementor-element elementor-element-6a45219e e-grid e-con-boxed wpr-particle-no wpr-jarallax-no wpr-parallax-no wpr-sticky-section-no e-con e-parent\" data-id=\"6a45219e\" data-element_type=\"container\">\n\t\t\t\t\t<div class=\"e-con-inner\">\n\t\t\t\t<div class=\"elementor-element elementor-element-799a1378 elementor-widget elementor-widget-text-editor\" data-id=\"799a1378\" data-element_type=\"widget\" data-widget_type=\"text-editor.default\">\n\t\t\t\t<div class=\"elementor-widget-container\">\n\t\t\t\t\t\t\t\t\t<p>faire reconna\u00eetre mon identit\u00e9 visuelle et mon univers graphique.<\/p>\t\t\t\t\t\t\t\t<\/div>\n\t\t\t\t<\/div>\n\t\t\t\t<div class=\"elementor-element elementor-element-27e05d6f elementor-widget elementor-widget-text-editor\" data-id=\"27e05d6f\" data-element_type=\"widget\" data-widget_type=\"text-editor.default\">\n\t\t\t\t<div class=\"elementor-widget-container\">\n\t\t\t\t\t\t\t\t\t<p>susciter de la sympathie et de la bonne humeur.<\/p>\t\t\t\t\t\t\t\t<\/div>\n\t\t\t\t<\/div>\n\t\t\t\t<div class=\"elementor-element elementor-element-2e2d4aca elementor-widget elementor-widget-text-editor\" data-id=\"2e2d4aca\" data-element_type=\"widget\" data-widget_type=\"text-editor.default\">\n\t\t\t\t<div class=\"elementor-widget-container\">\n\t\t\t\t\t\t\t\t\t<p>encourager les visiteurs \u00e0 explorer mes projets, se souvenir de mon identit\u00e9 visuelle et cr\u00e9er un lien avec mon univers cr\u00e9atif.<\/p>\t\t\t\t\t\t\t\t<\/div>\n\t\t\t\t<\/div>\n\t\t\t\t\t<\/div>\n\t\t\t\t<\/div>\n\t\t<div class=\"elementor-element elementor-element-3289eceb e-flex e-con-boxed wpr-particle-no wpr-jarallax-no wpr-parallax-no wpr-sticky-section-no e-con e-parent\" data-id=\"3289eceb\" data-element_type=\"container\" data-settings=\"{&quot;background_background&quot;:&quot;classic&quot;}\">\n\t\t\t\t\t<div class=\"e-con-inner\">\n\t\t\t\t<div class=\"elementor-element elementor-element-3453aea5 elementor-widget elementor-widget-heading\" data-id=\"3453aea5\" data-element_type=\"widget\" data-widget_type=\"heading.default\">\n\t\t\t\t<div class=\"elementor-widget-container\">\n\t\t\t\t\t<h2 class=\"elementor-heading-title elementor-size-default\">La Planche de marque<\/h2>\t\t\t\t<\/div>\n\t\t\t\t<\/div>\n\t\t\t\t\t<\/div>\n\t\t\t\t<\/div>\n\t\t<div class=\"elementor-element elementor-element-4d34417e e-flex e-con-boxed wpr-particle-no wpr-jarallax-no wpr-parallax-no wpr-sticky-section-no e-con e-parent\" data-id=\"4d34417e\" data-element_type=\"container\">\n\t\t\t\t\t<div class=\"e-con-inner\">\n\t\t<div class=\"elementor-element elementor-element-41b4fe75 e-con-full e-flex wpr-particle-no wpr-jarallax-no wpr-parallax-no wpr-sticky-section-no e-con e-child\" data-id=\"41b4fe75\" data-element_type=\"container\">\n\t\t\t\t<div class=\"elementor-element elementor-element-e27acb0 elementor-widget elementor-widget-image\" data-id=\"e27acb0\" data-element_type=\"widget\" data-widget_type=\"image.default\">\n\t\t\t\t<div class=\"elementor-widget-container\">\n\t\t\t\t\t\t\t\t\t\t\t\t\t\t\t<img decoding=\"async\" width=\"819\" height=\"1024\" src=\"https:\/\/www.portfolio-bts-com.fr\/Chloe-s\/wp-content\/uploads\/2026\/02\/Moodboard-logo-portfolio-819x1024.png\" class=\"attachment-large size-large wp-image-1523\" alt=\"\" srcset=\"https:\/\/www.portfolio-bts-com.fr\/Chloe-s\/wp-content\/uploads\/2026\/02\/Moodboard-logo-portfolio-819x1024.png 819w, https:\/\/www.portfolio-bts-com.fr\/Chloe-s\/wp-content\/uploads\/2026\/02\/Moodboard-logo-portfolio-240x300.png 240w, https:\/\/www.portfolio-bts-com.fr\/Chloe-s\/wp-content\/uploads\/2026\/02\/Moodboard-logo-portfolio-768x960.png 768w, https:\/\/www.portfolio-bts-com.fr\/Chloe-s\/wp-content\/uploads\/2026\/02\/Moodboard-logo-portfolio.png 1080w\" sizes=\"(max-width: 819px) 100vw, 819px\" \/>\t\t\t\t\t\t\t\t\t\t\t\t\t\t\t<\/div>\n\t\t\t\t<\/div>\n\t\t\t\t<\/div>\n\t\t<div class=\"elementor-element elementor-element-4a850a96 e-con-full e-flex wpr-particle-no wpr-jarallax-no wpr-parallax-no wpr-sticky-section-no e-con e-child\" data-id=\"4a850a96\" data-element_type=\"container\">\n\t\t\t\t<div class=\"elementor-element elementor-element-1e32026 elementor-widget elementor-widget-text-editor\" data-id=\"1e32026\" data-element_type=\"widget\" data-widget_type=\"text-editor.default\">\n\t\t\t\t<div class=\"elementor-widget-container\">\n\t\t\t\t\t\t\t\t\t<p data-start=\"61\" data-end=\"312\">Ce moodboard illustre l\u2019univers visuel de mon logo et de mon portfolio. Les couleurs jaune, bleu et rose cr\u00e9ent une ambiance joyeuse, douce et dynamique : le jaune \u00e9voque le citron et la fra\u00eecheur, le bleu et le rose assurent harmonie et lisibilit\u00e9.<\/p><p data-start=\"61\" data-end=\"312\">\u00a0<\/p><p data-start=\"314\" data-end=\"516\">La loutre, personnage central, symbolise sympathie et cr\u00e9ativit\u00e9, rendant le logo attachant et identifiable. Les contours bleus structurent les formes tout en conservant une esth\u00e9tique ronde et douce.<\/p><p data-start=\"314\" data-end=\"516\">\u00a0<\/p><p data-start=\"518\" data-end=\"644\">Globalement, le moodboard transmet gaiet\u00e9, cr\u00e9ativit\u00e9 et modernit\u00e9, tout en guidant la coh\u00e9rence graphique de mon portfolio.<\/p>\t\t\t\t\t\t\t\t<\/div>\n\t\t\t\t<\/div>\n\t\t\t\t<\/div>\n\t\t\t\t\t<\/div>\n\t\t\t\t<\/div>\n\t\t<div class=\"elementor-element elementor-element-38007a2b e-flex e-con-boxed wpr-particle-no wpr-jarallax-no wpr-parallax-no wpr-sticky-section-no e-con e-parent\" data-id=\"38007a2b\" data-element_type=\"container\" data-settings=\"{&quot;background_background&quot;:&quot;classic&quot;}\">\n\t\t\t\t\t<div class=\"e-con-inner\">\n\t\t\t\t<div class=\"elementor-element elementor-element-61e1f28c elementor-widget elementor-widget-image\" data-id=\"61e1f28c\" data-element_type=\"widget\" data-widget_type=\"image.default\">\n\t\t\t\t<div class=\"elementor-widget-container\">\n\t\t\t\t\t\t\t\t\t\t\t\t\t\t\t<img decoding=\"async\" width=\"768\" height=\"494\" src=\"https:\/\/www.portfolio-bts-com.fr\/Chloe-s\/wp-content\/uploads\/2025\/12\/AI-logo-e1765716632865-768x494.png\" class=\"attachment-medium_large size-medium_large wp-image-777\" alt=\"\" srcset=\"https:\/\/www.portfolio-bts-com.fr\/Chloe-s\/wp-content\/uploads\/2025\/12\/AI-logo-e1765716632865-768x494.png 768w, https:\/\/www.portfolio-bts-com.fr\/Chloe-s\/wp-content\/uploads\/2025\/12\/AI-logo-e1765716632865-300x193.png 300w, https:\/\/www.portfolio-bts-com.fr\/Chloe-s\/wp-content\/uploads\/2025\/12\/AI-logo-e1765716632865.png 960w\" sizes=\"(max-width: 768px) 100vw, 768px\" \/>\t\t\t\t\t\t\t\t\t\t\t\t\t\t\t<\/div>\n\t\t\t\t<\/div>\n\t\t\t\t\t<\/div>\n\t\t\t\t<\/div>\n\t\t<div class=\"elementor-element elementor-element-26c61f2e e-grid e-con-boxed wpr-particle-no wpr-jarallax-no wpr-parallax-no wpr-sticky-section-no e-con e-parent\" data-id=\"26c61f2e\" data-element_type=\"container\" data-settings=\"{&quot;background_background&quot;:&quot;classic&quot;}\">\n\t\t\t\t\t<div class=\"e-con-inner\">\n\t\t\t\t<div class=\"elementor-element elementor-element-2beb1e34 elementor-widget elementor-widget-image\" data-id=\"2beb1e34\" data-element_type=\"widget\" data-widget_type=\"image.default\">\n\t\t\t\t<div class=\"elementor-widget-container\">\n\t\t\t\t\t\t\t\t\t\t\t\t\t\t\t\t<a href=\"https:\/\/www.portfolio-bts-com.fr\/Chloe-s\/french-twist-2\/\">\n\t\t\t\t\t\t\t<img loading=\"lazy\" decoding=\"async\" width=\"918\" height=\"554\" src=\"https:\/\/www.portfolio-bts-com.fr\/Chloe-s\/wp-content\/uploads\/2026\/01\/Cadre-Frenc-Twist-e1769179809527.png\" class=\"elementor-animation-grow attachment-2048x2048 size-2048x2048 wp-image-1054\" alt=\"\" srcset=\"https:\/\/www.portfolio-bts-com.fr\/Chloe-s\/wp-content\/uploads\/2026\/01\/Cadre-Frenc-Twist-e1769179809527.png 918w, https:\/\/www.portfolio-bts-com.fr\/Chloe-s\/wp-content\/uploads\/2026\/01\/Cadre-Frenc-Twist-e1769179809527-300x181.png 300w, https:\/\/www.portfolio-bts-com.fr\/Chloe-s\/wp-content\/uploads\/2026\/01\/Cadre-Frenc-Twist-e1769179809527-768x463.png 768w\" sizes=\"(max-width: 918px) 100vw, 918px\" \/>\t\t\t\t\t\t\t\t<\/a>\n\t\t\t\t\t\t\t\t\t\t\t\t\t\t\t<\/div>\n\t\t\t\t<\/div>\n\t\t\t\t<div class=\"elementor-element elementor-element-4a526027 elementor-widget elementor-widget-image\" data-id=\"4a526027\" data-element_type=\"widget\" data-widget_type=\"image.default\">\n\t\t\t\t<div class=\"elementor-widget-container\">\n\t\t\t\t\t\t\t\t\t\t\t\t\t\t\t\t<a href=\"https:\/\/www.portfolio-bts-com.fr\/Chloe-s\/mes-creations\/\">\n\t\t\t\t\t\t\t<img loading=\"lazy\" decoding=\"async\" width=\"1018\" height=\"653\" src=\"https:\/\/www.portfolio-bts-com.fr\/Chloe-s\/wp-content\/uploads\/2026\/01\/Cadre-mes-creations-1-e1769179900442.png\" class=\"elementor-animation-grow attachment-2048x2048 size-2048x2048 wp-image-1056\" alt=\"\" srcset=\"https:\/\/www.portfolio-bts-com.fr\/Chloe-s\/wp-content\/uploads\/2026\/01\/Cadre-mes-creations-1-e1769179900442.png 1018w, https:\/\/www.portfolio-bts-com.fr\/Chloe-s\/wp-content\/uploads\/2026\/01\/Cadre-mes-creations-1-e1769179900442-300x192.png 300w, https:\/\/www.portfolio-bts-com.fr\/Chloe-s\/wp-content\/uploads\/2026\/01\/Cadre-mes-creations-1-e1769179900442-768x493.png 768w\" sizes=\"(max-width: 1018px) 100vw, 1018px\" \/>\t\t\t\t\t\t\t\t<\/a>\n\t\t\t\t\t\t\t\t\t\t\t\t\t\t\t<\/div>\n\t\t\t\t<\/div>\n\t\t\t\t<div class=\"elementor-element elementor-element-1d234a2 elementor-widget elementor-widget-image\" data-id=\"1d234a2\" data-element_type=\"widget\" data-widget_type=\"image.default\">\n\t\t\t\t<div class=\"elementor-widget-container\">\n\t\t\t\t\t\t\t\t\t\t\t\t\t\t\t\t<a href=\"https:\/\/www.portfolio-bts-com.fr\/Chloe-s\/frosty-beats-3\/\">\n\t\t\t\t\t\t\t<img loading=\"lazy\" decoding=\"async\" width=\"910\" height=\"560\" src=\"https:\/\/www.portfolio-bts-com.fr\/Chloe-s\/wp-content\/uploads\/2026\/02\/Cadre-Frosty-Beats-e1770385245300.png\" class=\"elementor-animation-grow attachment-2048x2048 size-2048x2048 wp-image-1196\" alt=\"\" srcset=\"https:\/\/www.portfolio-bts-com.fr\/Chloe-s\/wp-content\/uploads\/2026\/02\/Cadre-Frosty-Beats-e1770385245300.png 910w, https:\/\/www.portfolio-bts-com.fr\/Chloe-s\/wp-content\/uploads\/2026\/02\/Cadre-Frosty-Beats-e1770385245300-300x185.png 300w, https:\/\/www.portfolio-bts-com.fr\/Chloe-s\/wp-content\/uploads\/2026\/02\/Cadre-Frosty-Beats-e1770385245300-768x473.png 768w\" sizes=\"(max-width: 910px) 100vw, 910px\" \/>\t\t\t\t\t\t\t\t<\/a>\n\t\t\t\t\t\t\t\t\t\t\t\t\t\t\t<\/div>\n\t\t\t\t<\/div>\n\t\t\t\t\t<\/div>\n\t\t\t\t<\/div>\n\t\t\t\t<\/div>\n\t\t","protected":false},"excerpt":{"rendered":"<p>LOGO PORTFOLIO Une repr\u00e9sentation significative Contexte Ce logo a \u00e9t\u00e9 con\u00e7u pour repr\u00e9senter l\u2019identit\u00e9 visuelle de mon site et de mon portfolio personnel. L\u2019objectif \u00e9tait de cr\u00e9er un symbole qui me ressemble, \u00e0 la fois identifiable, expressif et porteur de sens. Objectifs Cognitif Affectif Conatif faire reconna\u00eetre mon identit\u00e9 visuelle et mon univers graphique. susciter de la sympathie et de la bonne humeur. encourager les visiteurs \u00e0 explorer mes projets, se souvenir de mon identit\u00e9 visuelle et cr\u00e9er un lien avec mon univers cr\u00e9atif. La Planche de marque Ce moodboard illustre l\u2019univers visuel de mon logo et de mon portfolio. Les couleurs jaune, bleu et rose cr\u00e9ent une ambiance joyeuse, douce et dynamique : le jaune \u00e9voque le citron et la fra\u00eecheur, le bleu et le rose assurent harmonie et lisibilit\u00e9. \u00a0 La loutre, personnage central, symbolise sympathie et cr\u00e9ativit\u00e9, rendant le logo attachant et identifiable. Les contours bleus structurent les formes tout en conservant une esth\u00e9tique ronde et douce. \u00a0 Globalement, le moodboard transmet gaiet\u00e9, cr\u00e9ativit\u00e9 et modernit\u00e9, tout en guidant la coh\u00e9rence graphique de mon portfolio.<\/p>\n","protected":false},"author":1,"featured_media":0,"parent":0,"menu_order":0,"comment_status":"closed","ping_status":"closed","template":"","meta":{"site-sidebar-layout":"no-sidebar","site-content-layout":"","ast-site-content-layout":"full-width-container","site-content-style":"default","site-sidebar-style":"default","ast-global-header-display":"","ast-banner-title-visibility":"","ast-main-header-display":"","ast-hfb-above-header-display":"","ast-hfb-below-header-display":"","ast-hfb-mobile-header-display":"","site-post-title":"disabled","ast-breadcrumbs-content":"","ast-featured-img":"disabled","footer-sml-layout":"","theme-transparent-header-meta":"","adv-header-id-meta":"","stick-header-meta":"","header-above-stick-meta":"","header-main-stick-meta":"","header-below-stick-meta":"","astra-migrate-meta-layouts":"default","ast-page-background-enabled":"default","ast-page-background-meta":{"desktop":{"background-color":"var(--ast-global-color-5)","background-image":"","background-repeat":"repeat","background-position":"center center","background-size":"auto","background-attachment":"scroll","background-type":"","background-media":"","overlay-type":"","overlay-color":"","overlay-opacity":"","overlay-gradient":""},"tablet":{"background-color":"","background-image":"","background-repeat":"repeat","background-position":"center center","background-size":"auto","background-attachment":"scroll","background-type":"","background-media":"","overlay-type":"","overlay-color":"","overlay-opacity":"","overlay-gradient":""},"mobile":{"background-color":"","background-image":"","background-repeat":"repeat","background-position":"center center","background-size":"auto","background-attachment":"scroll","background-type":"","background-media":"","overlay-type":"","overlay-color":"","overlay-opacity":"","overlay-gradient":""}},"ast-content-background-meta":{"desktop":{"background-color":"var(--ast-global-color-4)","background-image":"","background-repeat":"repeat","background-position":"center center","background-size":"auto","background-attachment":"scroll","background-type":"","background-media":"","overlay-type":"","overlay-color":"","overlay-opacity":"","overlay-gradient":""},"tablet":{"background-color":"var(--ast-global-color-4)","background-image":"","background-repeat":"repeat","background-position":"center center","background-size":"auto","background-attachment":"scroll","background-type":"","background-media":"","overlay-type":"","overlay-color":"","overlay-opacity":"","overlay-gradient":""},"mobile":{"background-color":"var(--ast-global-color-4)","background-image":"","background-repeat":"repeat","background-position":"center center","background-size":"auto","background-attachment":"scroll","background-type":"","background-media":"","overlay-type":"","overlay-color":"","overlay-opacity":"","overlay-gradient":""}},"footnotes":""},"class_list":["post-747","page","type-page","status-publish","hentry"],"_links":{"self":[{"href":"https:\/\/www.portfolio-bts-com.fr\/Chloe-s\/wp-json\/wp\/v2\/pages\/747","targetHints":{"allow":["GET"]}}],"collection":[{"href":"https:\/\/www.portfolio-bts-com.fr\/Chloe-s\/wp-json\/wp\/v2\/pages"}],"about":[{"href":"https:\/\/www.portfolio-bts-com.fr\/Chloe-s\/wp-json\/wp\/v2\/types\/page"}],"author":[{"embeddable":true,"href":"https:\/\/www.portfolio-bts-com.fr\/Chloe-s\/wp-json\/wp\/v2\/users\/1"}],"replies":[{"embeddable":true,"href":"https:\/\/www.portfolio-bts-com.fr\/Chloe-s\/wp-json\/wp\/v2\/comments?post=747"}],"version-history":[{"count":70,"href":"https:\/\/www.portfolio-bts-com.fr\/Chloe-s\/wp-json\/wp\/v2\/pages\/747\/revisions"}],"predecessor-version":[{"id":1973,"href":"https:\/\/www.portfolio-bts-com.fr\/Chloe-s\/wp-json\/wp\/v2\/pages\/747\/revisions\/1973"}],"wp:attachment":[{"href":"https:\/\/www.portfolio-bts-com.fr\/Chloe-s\/wp-json\/wp\/v2\/media?parent=747"}],"curies":[{"name":"wp","href":"https:\/\/api.w.org\/{rel}","templated":true}]}}